{"id":13,"date":"2021-03-06T11:16:01","date_gmt":"2021-03-06T08:16:01","guid":{"rendered":"https:\/\/www.thinkinglab.org\/TR\/?page_id=13"},"modified":"2023-05-29T19:28:30","modified_gmt":"2023-05-29T16:28:30","slug":"anasayfa","status":"publish","type":"page","link":"https:\/\/www.thinkinglab.org\/TR\/","title":{"rendered":"ANASAYFA"},"content":{"rendered":"<p>[vc_row full_width=&#8221;stretch_row&#8221; css=&#8221;.vc_custom_1615018823296{background-color: #ededed !important;}&#8221;][vc_column][vc_column_text]<\/p>\n<h1 style=\"text-align: center;\"><span style=\"color: #01233f;\">\u0130NOVAT\u0130F D\u00dc\u015e\u00dcNCE DERNE\u011e\u0130<\/span><\/h1>\n<p>\u00d6zellikle kavramsal d\u00fczeyden \u00fcr\u00fcn s\u00fcrecine h\u0131zl\u0131 ge\u00e7i\u015f oldu\u011funu d\u00fc\u015f\u00fcnenlerin aksine \u0130novatif D\u00fc\u015f\u00fcnce Derne\u011fi, \u00f6ncelikle yenilik\u00e7i \u00fcr\u00fcn\/hizmet s\u00fcrecine g\u00f6t\u00fcrecek bakma\/ g\u00f6rme, d\u00fc\u015f\u00fcnme\/ anlamland\u0131rma\/tasarlama\/uygulama \/ de\u011ferlendirme basamaklar\u0131n\u0131n her biri i\u00e7in uluslararas\u0131 standartta e\u011fitim ve uygulama s\u00fcre\u00e7leri geli\u015ftiren bir yakla\u015f\u0131ma sahiptir.<\/p>\n<p>&nbsp;<\/p>\n<p><strong><a href=\"https:\/\/www.thinkinglab.org\/TR\/wp-content\/uploads\/2021\/11\/Inovatif-Dusunce-Dernegi-Sunumu.pptx\">\u0130novatif D\u00fc\u015f\u00fcnce Derne\u011fi Sunumu<\/a><\/strong>[\/vc_column_text][\/vc_column][\/vc_row][vc_row full_width=&#8221;stretch_row_content&#8221; css=&#8221;.vc_custom_1615391006055{padding-right: 100px !important;padding-bottom: 25px !important;padding-left: 100px !important;}&#8221;][vc_column][apress_blog_styles category=&#8221;all&#8221; blgcrslcolprw=&#8221;Four&#8221; style=&#8221;style2&#8243;][\/vc_column][\/vc_row][vc_row full_width=&#8221;stretch_row_content&#8221; css=&#8221;.vc_custom_1615391006055{padding-right: 100px !important;padding-bottom: 25px !important;padding-left: 100px !important;}&#8221;][vc_column width=&#8221;1\/4&#8243;]\r\n<!--Image Box Start-->\r\n<div id=\"zolo_imagebox_new_92774120469f2625982da8\" class=\"zolo_imagebox_new_wrapper new_imagebox_style4 noanimation\" data-animation =\"No Animation\" data-delay =\"500\">\r\n    <a title=\"E-Shahrazad Projesi\" href=\"https:\/\/www.e-shahrazad.eu\/tr\/\" target=\"_self\" rel=\"\">\r\n    <div class=\"zolo_imagebox_new_box\">\r\n        <div class=\"zolo_thumbnail\" style=\"background:url(https:\/\/www.thinkinglab.org\/TR\/wp-content\/uploads\/2022\/04\/E-SHAHRAZAD.png) no-repeat center center; -moz-background-size:cover;-webkit-background-size:cover;-o-background-size:cover;-ms-background-size:cover;background-size:cover; height:300px;\"><\/div>\r\n        <div class=\"zolo_imagebox_new_content\">\r\n            <div class=\"zolo_imagebox_new_title_des\">\r\n        <p class=\"entry-title zolo_imagebox_new_title\" style=\"color:#000000; font-weight:bold; \">        Yeti\u015fkin E\u011fitiminde Yenilik\u00e7i Yakla\u015f\u0131m: E-Shahrazad <\/p>                              <\/div>\r\n    <\/div>\r\n          <\/div>\r\n    <\/a>\r\n  <\/div>\r\n<!--Image Box End-->\r\n\r\n[\/vc_column][vc_column width=&#8221;1\/4&#8243;]\r\n<!--Image Box Start-->\r\n<div id=\"zolo_imagebox_new_86183255369f2625985fb9\" class=\"zolo_imagebox_new_wrapper new_imagebox_style4 noanimation\" data-animation =\"No Animation\" data-delay =\"500\">\r\n    <a title=\"\" href=\"https:\/\/www.creactiveproject.com\/\" target=\"_self\" rel=\"\">\r\n    <div class=\"zolo_imagebox_new_box\">\r\n        <div class=\"img_thumbnail\"><img decoding=\"async\" src=\"https:\/\/www.thinkinglab.org\/TR\/wp-content\/uploads\/2022\/01\/PSX_20220102_183805.jpg\"\/><\/div>\r\n        <div class=\"zolo_imagebox_new_content\">\r\n            <div class=\"zolo_imagebox_new_title_des\">\r\n        <h2 class=\"entry-title zolo_imagebox_new_title\" style=\"color:#000000; \">        Creactive 2.1 <\/h2>                <span class=\"zolo_imagebox_description\" style=\"color:#ffffff; \">        Your description text <\/span>              <\/div>\r\n    <\/div>\r\n          <\/div>\r\n    <\/a>\r\n  <\/div>\r\n<!--Image Box End-->\r\n\r\n[\/vc_column][vc_column width=&#8221;1\/4&#8243;]\r\n<!--Image Box Start-->\r\n<div id=\"zolo_imagebox_new_201649803769f262598b213\" class=\"zolo_imagebox_new_wrapper new_imagebox_style4 noanimation\" data-animation =\"No Animation\" data-delay =\"500\">\r\n    <a title=\"\" href=\"https:\/\/inspire-eu.com\/EN\/\" target=\"_self\" rel=\"nofollow\">\r\n    <div class=\"zolo_imagebox_new_box\">\r\n        <div class=\"zolo_thumbnail\" style=\"background:url(https:\/\/www.thinkinglab.org\/TR\/wp-content\/uploads\/2022\/04\/1.iNSPIRE_logo.jpg) no-repeat center center; -moz-background-size:cover;-webkit-background-size:cover;-o-background-size:cover;-ms-background-size:cover;background-size:cover; height:300px;\"><\/div>\r\n        <div class=\"zolo_imagebox_new_content\">\r\n            <div class=\"zolo_imagebox_new_title_des\">\r\n        <p class=\"entry-title zolo_imagebox_new_title\" style=\"color:#000000; font-weight:bold; \">        Inspire Projesi <\/p>                              <\/div>\r\n    <\/div>\r\n          <\/div>\r\n    <\/a>\r\n  <\/div>\r\n<!--Image Box End-->\r\n\r\n[\/vc_column][vc_column width=&#8221;1\/4&#8243;]\r\n<!--Image Box Start-->\r\n<div id=\"zolo_imagebox_new_119238696469f262598f44d\" class=\"zolo_imagebox_new_wrapper new_imagebox_style4 noanimation\" data-animation =\"No Animation\" data-delay =\"500\">\r\n    <div class=\"zolo_imagebox_new_box\">\r\n        <div class=\"img_thumbnail\"><img decoding=\"async\" src=\"https:\/\/www.thinkinglab.org\/TR\/wp-content\/uploads\/2022\/04\/Green-Care-Logo.png\"\/><\/div>\r\n        <div class=\"zolo_imagebox_new_content\">\r\n            <div class=\"zolo_imagebox_new_title_des\">\r\n        <h2 class=\"entry-title zolo_imagebox_new_title\" style=\"color:#000000; \">        Green Care <\/h2>                <span class=\"zolo_imagebox_description\" style=\"color:#ffffff; \">        Your description text <\/span>              <\/div>\r\n    <\/div>\r\n          <\/div>\r\n  <\/div>\r\n<!--Image Box End-->\r\n\r\n[\/vc_column][\/vc_row][vc_row full_width=&#8221;stretch_row&#8221; css=&#8221;.vc_custom_1615018823296{background-color: #ededed !important;}&#8221;][vc_column][vc_column_text]<\/p>\n<h1 style=\"text-align: center;\"><span style=\"color: #01233f;\">E\u011e\u0130T\u0130MLER\u0130M\u0130Z<\/span><\/h1>\n<p>[\/vc_column_text][\/vc_column][\/vc_row][vc_row top_padding=&#8221;0&#8243; bottom_padding=&#8221;0&#8243; ts_equalize_columns=&#8221;true&#8221; ts_equalize_stack=&#8221;true&#8221;][vc_column width=&#8221;1\/4&#8243; column_padding=&#8221;0&#8243; css=&#8221;.vc_custom_1506428953522{margin-bottom: 0px !important;padding-bottom: 0px !important;}&#8221;]<div class=\"ult-new-ib ult-ib-effect-style9  ult-ib-resp  \" data-min-width=\"768\" data-max-width=\"900\" style=\"\" data-opacity=\"1\" data-hover-opacity=\"1\" ><img decoding=\"async\" class=\"ult-new-ib-img\" style=\"opacity:1;\" alt=\"null\" src=\"https:\/\/www.thinkinglab.org\/TR\/wp-content\/uploads\/2017\/09\/10001.jpg\"   \/><div id=\"interactive-banner-wrap-8239\" class=\"ult-new-ib-desc\" style=\"\"><h3 class=\"ult-new-ib-title ult-responsive\"  data-ultimate-target='#interactive-banner-wrap-8239 .ult-new-ib-title'  data-responsive-json-new='{\"font-size\":\"desktop:20px;\",\"line-height\":\"\"}'  style=\"font-weight:bold;\">Proje Tabanl\u0131 \u00d6\u011frenme<\/h3><\/div><a class=\"ult-new-ib-link\" href=\"https:\/\/www.thinkinglab.org\/TR\/egitimlerimiz\/proje-dongusu-egitimi\/\"  ><\/a><\/div><script type=\"text\/javascript\">\r\n\t\t\t(function($){\r\n\t\t\t\t$(document).ready(function(){\r\n\t\t\t\t\t$(\".ult-new-ib\").css(\"opacity\",\"1\");\r\n\t\t\t\t});\r\n\t\t\t})(jQuery);\r\n\t\t\t<\/script>[\/vc_column][vc_column width=&#8221;1\/4&#8243; column_padding=&#8221;0&#8243; css=&#8221;.vc_custom_1506428915828{padding-bottom: 0px !important;}&#8221;]<div class=\"ult-new-ib ult-ib-effect-style9  ult-ib-resp  \" data-min-width=\"768\" data-max-width=\"900\" style=\"\" data-opacity=\"1\" data-hover-opacity=\"1\" ><img decoding=\"async\" class=\"ult-new-ib-img\" style=\"opacity:1;\" alt=\"null\" src=\"https:\/\/www.thinkinglab.org\/TR\/wp-content\/uploads\/2017\/09\/10002.jpg\"   \/><div id=\"interactive-banner-wrap-9137\" class=\"ult-new-ib-desc\" style=\"\"><h3 class=\"ult-new-ib-title ult-responsive\"  data-ultimate-target='#interactive-banner-wrap-9137 .ult-new-ib-title'  data-responsive-json-new='{\"font-size\":\"desktop:20px;\",\"line-height\":\"\"}'  style=\"font-weight:bold;\">ICT Temelli Oyun Geli\u015ftirme<\/h3><\/div><a class=\"ult-new-ib-link\" href=\"https:\/\/www.thinkinglab.org\/TR\/egitimlerimiz\/ict-temelli-oyun-gelistirme\/\"  ><\/a><\/div><script type=\"text\/javascript\">\r\n\t\t\t(function($){\r\n\t\t\t\t$(document).ready(function(){\r\n\t\t\t\t\t$(\".ult-new-ib\").css(\"opacity\",\"1\");\r\n\t\t\t\t});\r\n\t\t\t})(jQuery);\r\n\t\t\t<\/script>[\/vc_column][vc_column width=&#8221;1\/4&#8243; column_padding=&#8221;0&#8243; css=&#8221;.vc_custom_1506428958022{margin-bottom: 0px !important;padding-bottom: 0px !important;}&#8221;]<div class=\"ult-new-ib ult-ib-effect-style9  ult-ib-resp  \" data-min-width=\"768\" data-max-width=\"900\" style=\"\" data-opacity=\"1\" data-hover-opacity=\"1\" ><img decoding=\"async\" class=\"ult-new-ib-img\" style=\"opacity:1;\" alt=\"null\" src=\"https:\/\/www.thinkinglab.org\/TR\/wp-content\/uploads\/2017\/09\/10003.jpg\"   \/><div id=\"interactive-banner-wrap-2728\" class=\"ult-new-ib-desc\" style=\"\"><h3 class=\"ult-new-ib-title ult-responsive\"  data-ultimate-target='#interactive-banner-wrap-2728 .ult-new-ib-title'  data-responsive-json-new='{\"font-size\":\"desktop:20px;\",\"line-height\":\"\"}'  style=\"font-weight:bold;\">\u0130novatif D\u00fc\u015f\u00fcnme<\/h3><\/div><a class=\"ult-new-ib-link\" href=\"https:\/\/www.thinkinglab.org\/TR\/egitimlerimiz\/innovative-thinking\/\"  ><\/a><\/div><script type=\"text\/javascript\">\r\n\t\t\t(function($){\r\n\t\t\t\t$(document).ready(function(){\r\n\t\t\t\t\t$(\".ult-new-ib\").css(\"opacity\",\"1\");\r\n\t\t\t\t});\r\n\t\t\t})(jQuery);\r\n\t\t\t<\/script>[\/vc_column][vc_column width=&#8221;1\/4&#8243; column_padding=&#8221;0&#8243; css=&#8221;.vc_custom_1506760424166{margin-bottom: 0px !important;padding-bottom: 0px !important;}&#8221;]<div class=\"ult-new-ib ult-ib-effect-style9  ult-ib-resp  \" data-min-width=\"768\" data-max-width=\"900\" style=\"\" data-opacity=\"1\" data-hover-opacity=\"1\" ><img decoding=\"async\" class=\"ult-new-ib-img\" style=\"opacity:1;\" alt=\"null\" src=\"https:\/\/www.thinkinglab.org\/TR\/wp-content\/uploads\/2017\/09\/10004.jpg\"   \/><div id=\"interactive-banner-wrap-2547\" class=\"ult-new-ib-desc\" style=\"\"><h3 class=\"ult-new-ib-title ult-responsive\"  data-ultimate-target='#interactive-banner-wrap-2547 .ult-new-ib-title'  data-responsive-json-new='{\"font-size\":\"desktop:20px;\",\"line-height\":\"\"}'  style=\"font-weight:bold;\">De\u011fi\u015fim Y\u00f6netimi<\/h3><\/div><a class=\"ult-new-ib-link\" href=\"https:\/\/www.thinkinglab.org\/TR\/egitimlerimiz\/degisim-yonetimi\/\"  ><\/a><\/div><script type=\"text\/javascript\">\r\n\t\t\t(function($){\r\n\t\t\t\t$(document).ready(function(){\r\n\t\t\t\t\t$(\".ult-new-ib\").css(\"opacity\",\"1\");\r\n\t\t\t\t});\r\n\t\t\t})(jQuery);\r\n\t\t\t<\/script>[\/vc_column][\/vc_row][vc_row top_padding=&#8221;0&#8243; bottom_padding=&#8221;0&#8243;][vc_column width=&#8221;1\/4&#8243; column_padding=&#8221;0&#8243; css=&#8221;.vc_custom_1615023967969{margin-top: -35px !important;margin-bottom: 0px !important;border-top-width: 0px !important;padding-bottom: 0px !important;}&#8221;]<div class=\"ult-new-ib ult-ib-effect-style9  ult-ib-resp  \" data-min-width=\"768\" data-max-width=\"900\" style=\"\" data-opacity=\"1\" data-hover-opacity=\"1\" ><img decoding=\"async\" class=\"ult-new-ib-img\" style=\"opacity:1;\" alt=\"null\" src=\"https:\/\/www.thinkinglab.org\/TR\/wp-content\/uploads\/2017\/09\/10005.jpg\"   \/><div id=\"interactive-banner-wrap-9628\" class=\"ult-new-ib-desc\" style=\"\"><h3 class=\"ult-new-ib-title ult-responsive\"  data-ultimate-target='#interactive-banner-wrap-9628 .ult-new-ib-title'  data-responsive-json-new='{\"font-size\":\"desktop:20px;\",\"line-height\":\"\"}'  style=\"font-weight:bold;\">Tasar\u0131m Odakl\u0131 D\u00fc\u015f\u00fcnme<\/h3><\/div><a class=\"ult-new-ib-link\" href=\"https:\/\/www.thinkinglab.org\/TR\/egitimlerimiz\/design-thinking\/\"  ><\/a><\/div><script type=\"text\/javascript\">\r\n\t\t\t(function($){\r\n\t\t\t\t$(document).ready(function(){\r\n\t\t\t\t\t$(\".ult-new-ib\").css(\"opacity\",\"1\");\r\n\t\t\t\t});\r\n\t\t\t})(jQuery);\r\n\t\t\t<\/script>[\/vc_column][vc_column width=&#8221;1\/4&#8243; column_padding=&#8221;0&#8243; css=&#8221;.vc_custom_1506428981995{margin-top: 0px !important;border-bottom-width: 0px !important;padding-top: 0px !important;padding-bottom: 0px !important;}&#8221;]<div class=\"ult-new-ib ult-ib-effect-style9  ult-ib-resp  \" data-min-width=\"768\" data-max-width=\"900\" style=\"\" data-opacity=\"1\" data-hover-opacity=\"1\" ><img decoding=\"async\" class=\"ult-new-ib-img\" style=\"opacity:1;\" alt=\"null\" src=\"https:\/\/www.thinkinglab.org\/TR\/wp-content\/uploads\/2017\/09\/10006.jpg\"   \/><div id=\"interactive-banner-wrap-1640\" class=\"ult-new-ib-desc\" style=\"\"><h3 class=\"ult-new-ib-title ult-responsive\"  data-ultimate-target='#interactive-banner-wrap-1640 .ult-new-ib-title'  data-responsive-json-new='{\"font-size\":\"desktop:20px;\",\"line-height\":\"\"}'  style=\"font-weight:bold;\">Sosyal Giri\u015fimcilik<\/h3><\/div><a class=\"ult-new-ib-link\" href=\"https:\/\/www.thinkinglab.org\/TR\/egitimlerimiz\/sosyal-girisimcilik\/\"  ><\/a><\/div><script type=\"text\/javascript\">\r\n\t\t\t(function($){\r\n\t\t\t\t$(document).ready(function(){\r\n\t\t\t\t\t$(\".ult-new-ib\").css(\"opacity\",\"1\");\r\n\t\t\t\t});\r\n\t\t\t})(jQuery);\r\n\t\t\t<\/script>[\/vc_column][vc_column width=&#8221;1\/4&#8243; column_padding=&#8221;0px&#8221; css=&#8221;.vc_custom_1506428988858{margin-top: 0px !important;margin-bottom: 0px !important;padding-top: 0px !important;padding-bottom: 0px !important;}&#8221;]<div class=\"ult-new-ib ult-ib-effect-style9  ult-ib-resp  \" data-min-width=\"768\" data-max-width=\"900\" style=\"\" data-opacity=\"1\" data-hover-opacity=\"1\" ><img decoding=\"async\" class=\"ult-new-ib-img\" style=\"opacity:1;\" alt=\"null\" src=\"https:\/\/www.thinkinglab.org\/TR\/wp-content\/uploads\/2017\/09\/10007.jpg\"   \/><div id=\"interactive-banner-wrap-3420\" class=\"ult-new-ib-desc\" style=\"\"><h3 class=\"ult-new-ib-title ult-responsive\"  data-ultimate-target='#interactive-banner-wrap-3420 .ult-new-ib-title'  data-responsive-json-new='{\"font-size\":\"desktop:20px;\",\"line-height\":\"\"}'  style=\"font-weight:bold;\">Dijital Hikaye Anlat\u0131c\u0131l\u0131\u011f\u0131<\/h3><\/div><a class=\"ult-new-ib-link\" href=\"https:\/\/www.thinkinglab.org\/TR\/egitimlerimiz\/storytelling\/\" title=\"Dijital Hikaye Anlat\u0131c\u0131l\u0131\u011f\u0131\"  ><\/a><\/div><script type=\"text\/javascript\">\r\n\t\t\t(function($){\r\n\t\t\t\t$(document).ready(function(){\r\n\t\t\t\t\t$(\".ult-new-ib\").css(\"opacity\",\"1\");\r\n\t\t\t\t});\r\n\t\t\t})(jQuery);\r\n\t\t\t<\/script>[\/vc_column][vc_column width=&#8221;1\/4&#8243; column_padding=&#8221;0&#8243; css=&#8221;.vc_custom_1506760469771{margin-bottom: 0px !important;padding-bottom: 0px !important;}&#8221;]<div class=\"ult-new-ib ult-ib-effect-style9  ult-ib-resp  \" data-min-width=\"768\" data-max-width=\"900\" style=\"\" data-opacity=\"1\" data-hover-opacity=\"1\" ><img decoding=\"async\" class=\"ult-new-ib-img\" style=\"opacity:1;\" alt=\"null\" src=\"https:\/\/www.thinkinglab.org\/TR\/wp-content\/uploads\/2014\/12\/43434.jpg\"   \/><div id=\"interactive-banner-wrap-9591\" class=\"ult-new-ib-desc\" style=\"\"><h3 class=\"ult-new-ib-title ult-responsive\"  data-ultimate-target='#interactive-banner-wrap-9591 .ult-new-ib-title'  data-responsive-json-new='{\"font-size\":\"desktop:20px;\",\"line-height\":\"\"}'  style=\"font-weight:bold;\">\u00c7at\u0131\u015fma Y\u00f6netimi<\/h3><\/div><a class=\"ult-new-ib-link\" href=\"https:\/\/www.thinkinglab.org\/TR\/egitimlerimiz\/catisma-yonetimi\/\" title=\"\u00c7at\u0131\u015fma Y\u00f6netimi\"  ><\/a><\/div><script type=\"text\/javascript\">\r\n\t\t\t(function($){\r\n\t\t\t\t$(document).ready(function(){\r\n\t\t\t\t\t$(\".ult-new-ib\").css(\"opacity\",\"1\");\r\n\t\t\t\t});\r\n\t\t\t})(jQuery);\r\n\t\t\t<\/script>[\/vc_column][\/vc_row]<\/p>\n","protected":false},"excerpt":{"rendered":"<p>[vc_row full_width=&#8221;stretch_row&#8221; css=&#8221;.vc_custom_1615018823296{background-color: #ededed !important;}&#8221;][vc_column][vc_column_text] \u0130NOVAT\u0130F D\u00dc\u015e\u00dcNCE DERNE\u011e\u0130 \u00d6zellikle kavramsal d\u00fczeyden \u00fcr\u00fcn s\u00fcrecine h\u0131zl\u0131 ge\u00e7i\u015f oldu\u011funu d\u00fc\u015f\u00fcnenlerin aksine \u0130novatif D\u00fc\u015f\u00fcnce Derne\u011fi, \u00f6ncelikle yenilik\u00e7i \u00fcr\u00fcn\/hizmet s\u00fcrecine g\u00f6t\u00fcrecek bakma\/ g\u00f6rme, d\u00fc\u015f\u00fcnme\/ anlamland\u0131rma\/tasarlama\/uygulama \/ de\u011ferlendirme basamaklar\u0131n\u0131n her biri i\u00e7in uluslararas\u0131 standartta e\u011fitim ve<span class=\"read_more_area\"><a class=\"read-more\" href=\"https:\/\/www.thinkinglab.org\/TR\/\"> Continue Reading <\/a><\/span><\/p>\n","protected":false},"author":3,"featured_media":0,"parent":0,"menu_order":0,"comment_status":"closed","ping_status":"open","template":"","meta":{"footnotes":""},"class_list":["post-13","page","type-page","status-publish","hentry"],"_links":{"self":[{"href":"https:\/\/www.thinkinglab.org\/TR\/wp-json\/wp\/v2\/pages\/13","targetHints":{"allow":["GET"]}}],"collection":[{"href":"https:\/\/www.thinkinglab.org\/TR\/wp-json\/wp\/v2\/pages"}],"about":[{"href":"https:\/\/www.thinkinglab.org\/TR\/wp-json\/wp\/v2\/types\/page"}],"author":[{"embeddable":true,"href":"https:\/\/www.thinkinglab.org\/TR\/wp-json\/wp\/v2\/users\/3"}],"replies":[{"embeddable":true,"href":"https:\/\/www.thinkinglab.org\/TR\/wp-json\/wp\/v2\/comments?post=13"}],"version-history":[{"count":48,"href":"https:\/\/www.thinkinglab.org\/TR\/wp-json\/wp\/v2\/pages\/13\/revisions"}],"predecessor-version":[{"id":3452,"href":"https:\/\/www.thinkinglab.org\/TR\/wp-json\/wp\/v2\/pages\/13\/revisions\/3452"}],"wp:attachment":[{"href":"https:\/\/www.thinkinglab.org\/TR\/wp-json\/wp\/v2\/media?parent=13"}],"curies":[{"name":"wp","href":"https:\/\/api.w.org\/{rel}","templated":true}]}}