{"id":2042,"date":"2017-09-22T13:11:08","date_gmt":"2017-09-22T10:11:08","guid":{"rendered":"http:\/\/www.alfadestek.com\/pipozitif\/?page_id=2042"},"modified":"2021-03-12T11:17:48","modified_gmt":"2021-03-12T08:17:48","slug":"egitimlerimiz","status":"publish","type":"page","link":"https:\/\/www.thinkinglab.org\/TR\/egitimlerimiz\/","title":{"rendered":"E\u011e\u0130T\u0130MLER\u0130M\u0130Z"},"content":{"rendered":"<p>[vc_row][vc_column][vc_empty_space height=&#8221;20px&#8221;][\/vc_column][\/vc_row][vc_row top_padding=&#8221;0&#8243; bottom_padding=&#8221;0&#8243; ts_equalize_columns=&#8221;true&#8221; ts_equalize_stack=&#8221;true&#8221;][vc_column width=&#8221;1\/4&#8243; column_padding=&#8221;0&#8243; css=&#8221;.vc_custom_1506428953522{margin-bottom: 0px !important;padding-bottom: 0px !important;}&#8221;]<div class=\"ult-new-ib ult-ib-effect-style9  ult-ib-resp  \" data-min-width=\"768\" data-max-width=\"900\" style=\"background:#01233f;\" data-opacity=\"1\" data-hover-opacity=\"1\" ><img decoding=\"async\" class=\"ult-new-ib-img\" style=\"opacity:1;\" alt=\"null\" src=\"https:\/\/www.thinkinglab.org\/TR\/wp-content\/uploads\/2017\/09\/10001.jpg\"   \/><div id=\"interactive-banner-wrap-1543\" class=\"ult-new-ib-desc\" style=\"\"><h3 class=\"ult-new-ib-title ult-responsive\"  data-ultimate-target='#interactive-banner-wrap-1543 .ult-new-ib-title'  data-responsive-json-new='{\"font-size\":\"desktop:20px;\",\"line-height\":\"\"}'  style=\"font-weight:bold;\">Proje Tabanl\u0131 \u00d6\u011frenme<\/h3><\/div><a class=\"ult-new-ib-link\" href=\"https:\/\/www.thinkinglab.org\/TR\/egitimlerimiz\/proje-dongusu-egitimi\/\"  ><\/a><\/div><script type=\"text\/javascript\">\r\n\t\t\t(function($){\r\n\t\t\t\t$(document).ready(function(){\r\n\t\t\t\t\t$(\".ult-new-ib\").css(\"opacity\",\"1\");\r\n\t\t\t\t});\r\n\t\t\t})(jQuery);\r\n\t\t\t<\/script>[\/vc_column][vc_column width=&#8221;1\/4&#8243; column_padding=&#8221;0&#8243; css=&#8221;.vc_custom_1506428915828{padding-bottom: 0px !important;}&#8221;]<div class=\"ult-new-ib ult-ib-effect-style9  ult-ib-resp  \" data-min-width=\"768\" data-max-width=\"900\" style=\"\" data-opacity=\"1\" data-hover-opacity=\"1\" ><img decoding=\"async\" class=\"ult-new-ib-img\" style=\"opacity:1;\" alt=\"null\" src=\"https:\/\/www.thinkinglab.org\/TR\/wp-content\/uploads\/2017\/09\/10002.jpg\"   \/><div id=\"interactive-banner-wrap-9542\" class=\"ult-new-ib-desc\" style=\"\"><h3 class=\"ult-new-ib-title ult-responsive\"  data-ultimate-target='#interactive-banner-wrap-9542 .ult-new-ib-title'  data-responsive-json-new='{\"font-size\":\"desktop:20px;\",\"line-height\":\"\"}'  style=\"font-weight:bold;\">ICT Temelli Oyun Geli\u015ftirme<\/h3><\/div><a class=\"ult-new-ib-link\" href=\"https:\/\/www.thinkinglab.org\/TR\/egitimlerimiz\/ict-temelli-oyun-gelistirme\/\"  ><\/a><\/div><script type=\"text\/javascript\">\r\n\t\t\t(function($){\r\n\t\t\t\t$(document).ready(function(){\r\n\t\t\t\t\t$(\".ult-new-ib\").css(\"opacity\",\"1\");\r\n\t\t\t\t});\r\n\t\t\t})(jQuery);\r\n\t\t\t<\/script>[\/vc_column][vc_column width=&#8221;1\/4&#8243; column_padding=&#8221;0&#8243; css=&#8221;.vc_custom_1506428958022{margin-bottom: 0px !important;padding-bottom: 0px !important;}&#8221;]<div class=\"ult-new-ib ult-ib-effect-style9  ult-ib-resp  \" data-min-width=\"768\" data-max-width=\"900\" style=\"\" data-opacity=\"1\" data-hover-opacity=\"1\" ><img decoding=\"async\" class=\"ult-new-ib-img\" style=\"opacity:1;\" alt=\"null\" src=\"https:\/\/www.thinkinglab.org\/TR\/wp-content\/uploads\/2017\/09\/10003.jpg\"   \/><div id=\"interactive-banner-wrap-3249\" class=\"ult-new-ib-desc\" style=\"\"><h3 class=\"ult-new-ib-title ult-responsive\"  data-ultimate-target='#interactive-banner-wrap-3249 .ult-new-ib-title'  data-responsive-json-new='{\"font-size\":\"desktop:20px;\",\"line-height\":\"\"}'  style=\"font-weight:bold;\">\u0130novatif D\u00fc\u015f\u00fcnme<\/h3><\/div><a class=\"ult-new-ib-link\" href=\"https:\/\/www.thinkinglab.org\/TR\/egitimlerimiz\/innovative-thinking\/\"  ><\/a><\/div><script type=\"text\/javascript\">\r\n\t\t\t(function($){\r\n\t\t\t\t$(document).ready(function(){\r\n\t\t\t\t\t$(\".ult-new-ib\").css(\"opacity\",\"1\");\r\n\t\t\t\t});\r\n\t\t\t})(jQuery);\r\n\t\t\t<\/script>[\/vc_column][vc_column width=&#8221;1\/4&#8243; column_padding=&#8221;0&#8243; css=&#8221;.vc_custom_1506760424166{margin-bottom: 0px !important;padding-bottom: 0px !important;}&#8221;]<div class=\"ult-new-ib ult-ib-effect-style9  ult-ib-resp  \" data-min-width=\"768\" data-max-width=\"900\" style=\"\" data-opacity=\"1\" data-hover-opacity=\"1\" ><img decoding=\"async\" class=\"ult-new-ib-img\" style=\"opacity:1;\" alt=\"null\" src=\"https:\/\/www.thinkinglab.org\/TR\/wp-content\/uploads\/2017\/09\/10004.jpg\"   \/><div id=\"interactive-banner-wrap-5691\" class=\"ult-new-ib-desc\" style=\"\"><h3 class=\"ult-new-ib-title ult-responsive\"  data-ultimate-target='#interactive-banner-wrap-5691 .ult-new-ib-title'  data-responsive-json-new='{\"font-size\":\"desktop:20px;\",\"line-height\":\"\"}'  style=\"font-weight:bold;\">De\u011fi\u015fim Y\u00f6netimi<\/h3><\/div><a class=\"ult-new-ib-link\" href=\"https:\/\/www.thinkinglab.org\/TR\/egitimlerimiz\/degisim-yonetimi\/\"  ><\/a><\/div><script type=\"text\/javascript\">\r\n\t\t\t(function($){\r\n\t\t\t\t$(document).ready(function(){\r\n\t\t\t\t\t$(\".ult-new-ib\").css(\"opacity\",\"1\");\r\n\t\t\t\t});\r\n\t\t\t})(jQuery);\r\n\t\t\t<\/script>[\/vc_column][\/vc_row][vc_row top_padding=&#8221;0&#8243; bottom_padding=&#8221;0&#8243;][vc_column width=&#8221;1\/4&#8243; column_padding=&#8221;0&#8243; css=&#8221;.vc_custom_1615023967969{margin-top: -35px !important;margin-bottom: 0px !important;border-top-width: 0px !important;padding-bottom: 0px !important;}&#8221;]<div class=\"ult-new-ib ult-ib-effect-style9  ult-ib-resp  \" data-min-width=\"768\" data-max-width=\"900\" style=\"\" data-opacity=\"1\" data-hover-opacity=\"1\" ><img decoding=\"async\" class=\"ult-new-ib-img\" style=\"opacity:1;\" alt=\"null\" src=\"https:\/\/www.thinkinglab.org\/TR\/wp-content\/uploads\/2017\/09\/10005.jpg\"   \/><div id=\"interactive-banner-wrap-9139\" class=\"ult-new-ib-desc\" style=\"\"><h3 class=\"ult-new-ib-title ult-responsive\"  data-ultimate-target='#interactive-banner-wrap-9139 .ult-new-ib-title'  data-responsive-json-new='{\"font-size\":\"desktop:20px;\",\"line-height\":\"\"}'  style=\"font-weight:bold;\">Tasar\u0131m Odakl\u0131 D\u00fc\u015f\u00fcnme<\/h3><\/div><a class=\"ult-new-ib-link\" href=\"https:\/\/www.thinkinglab.org\/TR\/egitimlerimiz\/design-thinking\/\"  ><\/a><\/div><script type=\"text\/javascript\">\r\n\t\t\t(function($){\r\n\t\t\t\t$(document).ready(function(){\r\n\t\t\t\t\t$(\".ult-new-ib\").css(\"opacity\",\"1\");\r\n\t\t\t\t});\r\n\t\t\t})(jQuery);\r\n\t\t\t<\/script>[\/vc_column][vc_column width=&#8221;1\/4&#8243; column_padding=&#8221;0&#8243; css=&#8221;.vc_custom_1506428981995{margin-top: 0px !important;border-bottom-width: 0px !important;padding-top: 0px !important;padding-bottom: 0px !important;}&#8221;]<div class=\"ult-new-ib ult-ib-effect-style9  ult-ib-resp  \" data-min-width=\"768\" data-max-width=\"900\" style=\"\" data-opacity=\"1\" data-hover-opacity=\"1\" ><img decoding=\"async\" class=\"ult-new-ib-img\" style=\"opacity:1;\" alt=\"null\" src=\"https:\/\/www.thinkinglab.org\/TR\/wp-content\/uploads\/2017\/09\/10006.jpg\"   \/><div id=\"interactive-banner-wrap-6470\" class=\"ult-new-ib-desc\" style=\"\"><h3 class=\"ult-new-ib-title ult-responsive\"  data-ultimate-target='#interactive-banner-wrap-6470 .ult-new-ib-title'  data-responsive-json-new='{\"font-size\":\"desktop:20px;\",\"line-height\":\"\"}'  style=\"font-weight:bold;\">Sosyal Giri\u015fimcilik<\/h3><\/div><a class=\"ult-new-ib-link\" href=\"https:\/\/www.thinkinglab.org\/TR\/egitimlerimiz\/sosyal-girisimcilik\/\"  ><\/a><\/div><script type=\"text\/javascript\">\r\n\t\t\t(function($){\r\n\t\t\t\t$(document).ready(function(){\r\n\t\t\t\t\t$(\".ult-new-ib\").css(\"opacity\",\"1\");\r\n\t\t\t\t});\r\n\t\t\t})(jQuery);\r\n\t\t\t<\/script>[\/vc_column][vc_column width=&#8221;1\/4&#8243; column_padding=&#8221;0px&#8221; css=&#8221;.vc_custom_1506428988858{margin-top: 0px !important;margin-bottom: 0px !important;padding-top: 0px !important;padding-bottom: 0px !important;}&#8221;]<div class=\"ult-new-ib ult-ib-effect-style9  ult-ib-resp  \" data-min-width=\"768\" data-max-width=\"900\" style=\"\" data-opacity=\"1\" data-hover-opacity=\"1\" ><img decoding=\"async\" class=\"ult-new-ib-img\" style=\"opacity:1;\" alt=\"null\" src=\"https:\/\/www.thinkinglab.org\/TR\/wp-content\/uploads\/2017\/09\/10007.jpg\"   \/><div id=\"interactive-banner-wrap-4275\" class=\"ult-new-ib-desc\" style=\"\"><h3 class=\"ult-new-ib-title ult-responsive\"  data-ultimate-target='#interactive-banner-wrap-4275 .ult-new-ib-title'  data-responsive-json-new='{\"font-size\":\"desktop:20px;\",\"line-height\":\"\"}'  style=\"font-weight:bold;\">Dijital Hikaye Anlat\u0131c\u0131l\u0131\u011f\u0131<\/h3><\/div><a class=\"ult-new-ib-link\" href=\"https:\/\/www.thinkinglab.org\/TR\/egitimlerimiz\/storytelling\/\" title=\"Storytelling\"  ><\/a><\/div><script type=\"text\/javascript\">\r\n\t\t\t(function($){\r\n\t\t\t\t$(document).ready(function(){\r\n\t\t\t\t\t$(\".ult-new-ib\").css(\"opacity\",\"1\");\r\n\t\t\t\t});\r\n\t\t\t})(jQuery);\r\n\t\t\t<\/script>[\/vc_column][vc_column width=&#8221;1\/4&#8243; column_padding=&#8221;0&#8243; css=&#8221;.vc_custom_1506760469771{margin-bottom: 0px !important;padding-bottom: 0px !important;}&#8221;]<div class=\"ult-new-ib ult-ib-effect-style9  ult-ib-resp  \" data-min-width=\"768\" data-max-width=\"900\" style=\"\" data-opacity=\"1\" data-hover-opacity=\"1\" ><img decoding=\"async\" class=\"ult-new-ib-img\" style=\"opacity:1;\" alt=\"null\" src=\"https:\/\/www.thinkinglab.org\/TR\/wp-content\/uploads\/2014\/12\/43434.jpg\"   \/><div id=\"interactive-banner-wrap-6218\" class=\"ult-new-ib-desc\" style=\"\"><h3 class=\"ult-new-ib-title ult-responsive\"  data-ultimate-target='#interactive-banner-wrap-6218 .ult-new-ib-title'  data-responsive-json-new='{\"font-size\":\"desktop:20px;\",\"line-height\":\"\"}'  style=\"font-weight:bold;\">\u00c7at\u0131\u015fma Y\u00f6netimi<\/h3><\/div><a class=\"ult-new-ib-link\" href=\"https:\/\/www.thinkinglab.org\/TR\/egitimlerimiz\/catisma-yonetimi\/\" title=\"\u00c7at\u0131\u015fma Y\u00f6netimi\"  ><\/a><\/div><script type=\"text\/javascript\">\r\n\t\t\t(function($){\r\n\t\t\t\t$(document).ready(function(){\r\n\t\t\t\t\t$(\".ult-new-ib\").css(\"opacity\",\"1\");\r\n\t\t\t\t});\r\n\t\t\t})(jQuery);\r\n\t\t\t<\/script>[\/vc_column][\/vc_row]<\/p>\n","protected":false},"excerpt":{"rendered":"<p>[vc_row][vc_column][vc_empty_space height=&#8221;20px&#8221;][\/vc_column][\/vc_row][vc_row top_padding=&#8221;0&#8243; bottom_padding=&#8221;0&#8243; ts_equalize_columns=&#8221;true&#8221; ts_equalize_stack=&#8221;true&#8221;][vc_column width=&#8221;1\/4&#8243; column_padding=&#8221;0&#8243; css=&#8221;.vc_custom_1506428953522{margin-bottom: 0px !important;padding-bottom: 0px !important;}&#8221;][\/vc_column][vc_column width=&#8221;1\/4&#8243; column_padding=&#8221;0&#8243; css=&#8221;.vc_custom_1506428915828{padding-bottom: 0px !important;}&#8221;][\/vc_column][vc_column width=&#8221;1\/4&#8243; column_padding=&#8221;0&#8243; css=&#8221;.vc_custom_1506428958022{margin-bottom: 0px !important;padding-bottom: 0px !important;}&#8221;][\/vc_column][vc_column width=&#8221;1\/4&#8243; column_padding=&#8221;0&#8243; css=&#8221;.vc_custom_1506760424166{margin-bottom: 0px !important;padding-bottom: 0px !important;}&#8221;][\/vc_column][\/vc_row][vc_row top_padding=&#8221;0&#8243; bottom_padding=&#8221;0&#8243;][vc_column width=&#8221;1\/4&#8243; column_padding=&#8221;0&#8243; css=&#8221;.vc_custom_1615023967969{margin-top: -35px !important;margin-bottom: 0px<span class=\"read_more_area\"><a class=\"read-more\" href=\"https:\/\/www.thinkinglab.org\/TR\/egitimlerimiz\/\"> Continue Reading <\/a><\/span><\/p>\n","protected":false},"author":3,"featured_media":0,"parent":0,"menu_order":0,"comment_status":"closed","ping_status":"open","template":"","meta":{"footnotes":""},"class_list":["post-2042","page","type-page","status-publish","hentry"],"_links":{"self":[{"href":"https:\/\/www.thinkinglab.org\/TR\/wp-json\/wp\/v2\/pages\/2042","targetHints":{"allow":["GET"]}}],"collection":[{"href":"https:\/\/www.thinkinglab.org\/TR\/wp-json\/wp\/v2\/pages"}],"about":[{"href":"https:\/\/www.thinkinglab.org\/TR\/wp-json\/wp\/v2\/types\/page"}],"author":[{"embeddable":true,"href":"https:\/\/www.thinkinglab.org\/TR\/wp-json\/wp\/v2\/users\/3"}],"replies":[{"embeddable":true,"href":"https:\/\/www.thinkinglab.org\/TR\/wp-json\/wp\/v2\/comments?post=2042"}],"version-history":[{"count":3,"href":"https:\/\/www.thinkinglab.org\/TR\/wp-json\/wp\/v2\/pages\/2042\/revisions"}],"predecessor-version":[{"id":3132,"href":"https:\/\/www.thinkinglab.org\/TR\/wp-json\/wp\/v2\/pages\/2042\/revisions\/3132"}],"wp:attachment":[{"href":"https:\/\/www.thinkinglab.org\/TR\/wp-json\/wp\/v2\/media?parent=2042"}],"curies":[{"name":"wp","href":"https:\/\/api.w.org\/{rel}","templated":true}]}}