{"id":2050,"date":"2017-09-22T13:12:37","date_gmt":"2017-09-22T10:12:37","guid":{"rendered":"http:\/\/www.alfadestek.com\/pipozitif\/?page_id=2050"},"modified":"2021-03-12T11:28:21","modified_gmt":"2021-03-12T08:28:21","slug":"iletisim","status":"publish","type":"page","link":"https:\/\/www.thinkinglab.org\/TR\/iletisim\/","title":{"rendered":"\u0130LET\u0130\u015e\u0130M"},"content":{"rendered":"<p>[vc_section][vc_row type=&#8221;full_width_content&#8221;][vc_column][vc_empty_space height=&#8221;50px&#8221;][\/vc_column][\/vc_row][\/vc_section][vc_section][vc_row][vc_column width=&#8221;1\/2&#8243;][vc_column_text]<\/p>\n<h2>Bizimle \u0130leti\u015fime Ge\u00e7in<\/h2>\n<p>[\/vc_column_text]<div role=\"form\" class=\"wpcf7\" id=\"wpcf7-f5-o1\" lang=\"tr-TR\" dir=\"ltr\">\n<div class=\"screen-reader-response\"><p role=\"status\" aria-live=\"polite\" aria-atomic=\"true\"><\/p> <ul><\/ul><\/div>\n<form action=\"\/TR\/wp-json\/wp\/v2\/pages\/2050#wpcf7-f5-o1\" method=\"post\" class=\"wpcf7-form init\" novalidate=\"novalidate\" data-status=\"init\">\n<div style=\"display: none;\">\n<input type=\"hidden\" name=\"_wpcf7\" value=\"5\" \/>\n<input type=\"hidden\" name=\"_wpcf7_version\" value=\"5.4\" \/>\n<input type=\"hidden\" name=\"_wpcf7_locale\" value=\"tr_TR\" \/>\n<input type=\"hidden\" name=\"_wpcf7_unit_tag\" value=\"wpcf7-f5-o1\" \/>\n<input type=\"hidden\" name=\"_wpcf7_container_post\" value=\"0\" \/>\n<input type=\"hidden\" name=\"_wpcf7_posted_data_hash\" value=\"\" \/>\n<\/div>\n<p><label> Ad Soyad<br \/>\n    <span class=\"wpcf7-form-control-wrap your-name\"><input type=\"text\" name=\"your-name\" value=\"\" size=\"40\" class=\"wpcf7-form-control wpcf7-text wpcf7-validates-as-required\" aria-required=\"true\" aria-invalid=\"false\" \/><\/span> <\/label><\/p>\n<p><label> E-mail<br \/>\n    <span class=\"wpcf7-form-control-wrap your-email\"><input type=\"email\" name=\"your-email\" value=\"\" size=\"40\" class=\"wpcf7-form-control wpcf7-text wpcf7-email wpcf7-validates-as-required wpcf7-validates-as-email\" aria-required=\"true\" aria-invalid=\"false\" \/><\/span> <\/label><\/p>\n<p><label> Konu<br \/>\n    <span class=\"wpcf7-form-control-wrap your-subject\"><input type=\"text\" name=\"your-subject\" value=\"\" size=\"40\" class=\"wpcf7-form-control wpcf7-text wpcf7-validates-as-required\" aria-required=\"true\" aria-invalid=\"false\" \/><\/span> <\/label><\/p>\n<p><label> Mesaj\u0131n\u0131z<br \/>\n    <span class=\"wpcf7-form-control-wrap your-message\"><textarea name=\"your-message\" cols=\"40\" rows=\"10\" class=\"wpcf7-form-control wpcf7-textarea\" aria-invalid=\"false\"><\/textarea><\/span> <\/label><\/p>\n<p><input type=\"submit\" value=\"Formu \u0130let\" class=\"wpcf7-form-control wpcf7-submit\" \/><\/p>\n<div class=\"wpcf7-response-output\" aria-hidden=\"true\"><\/div><\/form><\/div>[\/vc_column][vc_column width=&#8221;1\/2&#8243;][vc_column_text]<iframe loading=\"lazy\" style=\"border: 0;\" src=\"https:\/\/www.google.com\/maps\/embed?pb=!1m16!1m12!1m3!1d3057.8266450646192!2d32.86748126563899!3d39.967628390753426!2m3!1f0!2f0!3f0!3m2!1i1024!2i768!4f13.1!2m1!1sSubayevleri%20Mah.%20No%3A%2022!5e0!3m2!1str!2str!4v1615537723586!5m2!1str!2str\" width=\"600\" height=\"450\" allowfullscreen=\"allowfullscreen\"><\/iframe>[\/vc_column_text]<div class=\"aio-icon-component    style_1\"><div id=\"Info-box-wrap-9495\" class=\"aio-icon-box default-icon\" style=\"\"  ><div class=\"aio-icon-description ult-responsive\"  data-ultimate-target='#Info-box-wrap-9495 .aio-icon-description'  data-responsive-json-new='{\"font-size\":\"\",\"line-height\":\"\"}'  style=\"\"><\/p>\n<h4 style=\"text-align: right;\">Kavac\u0131k Subayevleri Mah. No: 22\/A, Ankara<\/h4>\n<h4 style=\"text-align: right;\">(312) 242 11 39<\/h4>\n<h4 style=\"text-align: right;\">info@thinkinglab.org<\/h4>\n<p><\/div> <!-- description --><\/div> <!-- aio-icon-box --><\/div> <!-- aio-icon-component -->[\/vc_column][\/vc_row][\/vc_section][vc_row][vc_column][vc_empty_space height=&#8221;50px&#8221;][\/vc_column][\/vc_row]<\/p>\n","protected":false},"excerpt":{"rendered":"<p>[vc_section][vc_row type=&#8221;full_width_content&#8221;][vc_column][vc_empty_space height=&#8221;50px&#8221;][\/vc_column][\/vc_row][\/vc_section][vc_section][vc_row][vc_column width=&#8221;1\/2&#8243;][vc_column_text] Bizimle \u0130leti\u015fime Ge\u00e7in [\/vc_column_text][\/vc_column][vc_column width=&#8221;1\/2&#8243;][vc_column_text][\/vc_column_text][\/vc_column][\/vc_row][\/vc_section][vc_row][vc_column][vc_empty_space height=&#8221;50px&#8221;][\/vc_column][\/vc_row]<\/p>\n","protected":false},"author":3,"featured_media":0,"parent":0,"menu_order":0,"comment_status":"closed","ping_status":"open","template":"","meta":{"footnotes":""},"class_list":["post-2050","page","type-page","status-publish","hentry"],"_links":{"self":[{"href":"https:\/\/www.thinkinglab.org\/TR\/wp-json\/wp\/v2\/pages\/2050","targetHints":{"allow":["GET"]}}],"collection":[{"href":"https:\/\/www.thinkinglab.org\/TR\/wp-json\/wp\/v2\/pages"}],"about":[{"href":"https:\/\/www.thinkinglab.org\/TR\/wp-json\/wp\/v2\/types\/page"}],"author":[{"embeddable":true,"href":"https:\/\/www.thinkinglab.org\/TR\/wp-json\/wp\/v2\/users\/3"}],"replies":[{"embeddable":true,"href":"https:\/\/www.thinkinglab.org\/TR\/wp-json\/wp\/v2\/comments?post=2050"}],"version-history":[{"count":3,"href":"https:\/\/www.thinkinglab.org\/TR\/wp-json\/wp\/v2\/pages\/2050\/revisions"}],"predecessor-version":[{"id":3134,"href":"https:\/\/www.thinkinglab.org\/TR\/wp-json\/wp\/v2\/pages\/2050\/revisions\/3134"}],"wp:attachment":[{"href":"https:\/\/www.thinkinglab.org\/TR\/wp-json\/wp\/v2\/media?parent=2050"}],"curies":[{"name":"wp","href":"https:\/\/api.w.org\/{rel}","templated":true}]}}