{"id":2062,"date":"2017-09-22T13:16:46","date_gmt":"2017-09-22T10:16:46","guid":{"rendered":"http:\/\/www.alfadestek.com\/pipozitif\/?page_id=2062"},"modified":"2017-09-22T13:16:46","modified_gmt":"2017-09-22T10:16:46","slug":"proje-dongusu-egitimi","status":"publish","type":"page","link":"https:\/\/www.thinkinglab.org\/TR\/egitimlerimiz\/proje-dongusu-egitimi\/","title":{"rendered":"Proje Tabanl\u0131 \u00d6\u011frenme"},"content":{"rendered":"<p>[vc_row][vc_column width=&#8221;1\/2&#8243;][vc_empty_space height=&#8221;70px&#8221;][vc_column_text]<\/p>\n<h2 style=\"text-align: justify;\"><strong>Proje Tabanl\u0131 \u00d6\u011frenme<\/strong><\/h2>\n<p style=\"text-align: justify;\"><strong>\u00a0<\/strong><\/p>\n<p>Proje Tabanl\u0131 \u00d6\u011frenme e\u011fitimine kat\u0131lanlar\u0131n proje temelli d\u00fc\u015f\u00fcnme becerilerinin\u00a0 geli\u015fmesi, sorun tan\u0131mlama ve alternatif sorun \u00e7\u00f6zme mekanizmalar\u0131n\u0131 harekete ge\u00e7irebilme, yenilik\u00e7i ve analitik bak\u0131\u015f a\u00e7\u0131s\u0131 ile\u00a0 zaman ve kaynaklar\u0131n\u0131 planlayarak s\u00fcreci y\u00f6netme konusunda beceri kazand\u0131rmay\u0131 \u00a0 hedeflemektedir.<\/p>\n<p>E\u011fitim \u00fc\u00e7 ana mod\u00fclden olu\u015fmaktad\u0131r.<\/p>\n<ol>\n<li><b> Proje Kavram\u0131 ve Proje D\u00f6ng\u00fcs\u00fc A\u015famalar\u0131<\/b><\/li>\n<li><b> Proje Geli\u015ftirme Ama Nas\u0131l?<\/b><\/li>\n<li><b> Proje Uygulama ve \u0130zleme Ara\u00e7lar\u0131<\/b><\/li>\n<\/ol>\n<p>E\u011fitim program\u0131m\u0131z farkl\u0131 ya\u015f ve hedef gruplara y\u00f6nelik olarak, sosyal sorumluluk bak\u0131\u015f a\u00e7\u0131s\u0131 ile zenginle\u015fmi\u015f, teorik ve uygulamadan gelen bilgilerle haz\u0131rlanm\u0131\u015f dersler,\u00a0 at\u00f6lye \u00e7al\u0131\u015fmalar\u0131 ile\u00a0 interaktif \u00f6\u011frenme y\u00f6nteminin \u00f6ne \u00e7\u0131kar\u0131ld\u0131\u011f\u0131,\u00a0 deneyimlerin anlat\u0131lmas\u0131 ve daha \u00f6nce fonlanm\u0131\u015f ve uygulanm\u0131\u015f proje \u00f6rneklerinin \u00fczerinde yap\u0131lacak pratik uygulamalar \u015feklinde haz\u0131rlanm\u0131\u015ft\u0131r.[\/vc_column_text][vc_empty_space height=&#8221;50px&#8221;][\/vc_column][vc_column width=&#8221;1\/2&#8243;][vc_empty_space height=&#8221;150px&#8221;]<div class=\"ult-new-ib ult-ib-effect-style1  ult-ib-resp  \" data-min-width=\"768\" data-max-width=\"900\" style=\"\" data-opacity=\"1\" data-hover-opacity=\"1\" ><img decoding=\"async\" class=\"ult-new-ib-img\" style=\"opacity:1;\" alt=\"null\" src=\"https:\/\/www.thinkinglab.org\/TR\/wp-content\/uploads\/2017\/09\/PBL_table-1024x512-1.jpg\"   \/><div id=\"interactive-banner-wrap-2470\" class=\"ult-new-ib-desc\" style=\"\"><h2 class=\"ult-new-ib-title ult-responsive\"  data-ultimate-target='#interactive-banner-wrap-2470 .ult-new-ib-title'  data-responsive-json-new='{\"font-size\":\"\",\"line-height\":\"\"}'  style=\"font-weight:normal;\"><\/h2><\/div><\/div><script type=\"text\/javascript\">\r\n\t\t\t(function($){\r\n\t\t\t\t$(document).ready(function(){\r\n\t\t\t\t\t$(\".ult-new-ib\").css(\"opacity\",\"1\");\r\n\t\t\t\t});\r\n\t\t\t})(jQuery);\r\n\t\t\t<\/script>[\/vc_column][\/vc_row]<\/p>\n","protected":false},"excerpt":{"rendered":"<p>[vc_row][vc_column width=&#8221;1\/2&#8243;][vc_empty_space height=&#8221;70px&#8221;][vc_column_text] Proje Tabanl\u0131 \u00d6\u011frenme \u00a0 Proje Tabanl\u0131 \u00d6\u011frenme e\u011fitimine kat\u0131lanlar\u0131n proje temelli d\u00fc\u015f\u00fcnme becerilerinin\u00a0 geli\u015fmesi, sorun tan\u0131mlama ve alternatif sorun \u00e7\u00f6zme mekanizmalar\u0131n\u0131 harekete ge\u00e7irebilme, yenilik\u00e7i ve analitik bak\u0131\u015f a\u00e7\u0131s\u0131 ile\u00a0 zaman ve kaynaklar\u0131n\u0131 planlayarak s\u00fcreci y\u00f6netme konusunda beceri<span class=\"read_more_area\"><a class=\"read-more\" href=\"https:\/\/www.thinkinglab.org\/TR\/egitimlerimiz\/proje-dongusu-egitimi\/\"> Continue Reading <\/a><\/span><\/p>\n","protected":false},"author":3,"featured_media":0,"parent":2042,"menu_order":0,"comment_status":"closed","ping_status":"open","template":"","meta":{"footnotes":""},"class_list":["post-2062","page","type-page","status-publish","hentry"],"_links":{"self":[{"href":"https:\/\/www.thinkinglab.org\/TR\/wp-json\/wp\/v2\/pages\/2062","targetHints":{"allow":["GET"]}}],"collection":[{"href":"https:\/\/www.thinkinglab.org\/TR\/wp-json\/wp\/v2\/pages"}],"about":[{"href":"https:\/\/www.thinkinglab.org\/TR\/wp-json\/wp\/v2\/types\/page"}],"author":[{"embeddable":true,"href":"https:\/\/www.thinkinglab.org\/TR\/wp-json\/wp\/v2\/users\/3"}],"replies":[{"embeddable":true,"href":"https:\/\/www.thinkinglab.org\/TR\/wp-json\/wp\/v2\/comments?post=2062"}],"version-history":[{"count":0,"href":"https:\/\/www.thinkinglab.org\/TR\/wp-json\/wp\/v2\/pages\/2062\/revisions"}],"up":[{"embeddable":true,"href":"https:\/\/www.thinkinglab.org\/TR\/wp-json\/wp\/v2\/pages\/2042"}],"wp:attachment":[{"href":"https:\/\/www.thinkinglab.org\/TR\/wp-json\/wp\/v2\/media?parent=2062"}],"curies":[{"name":"wp","href":"https:\/\/api.w.org\/{rel}","templated":true}]}}