{"id":2064,"date":"2017-09-22T13:17:22","date_gmt":"2017-09-22T10:17:22","guid":{"rendered":"http:\/\/www.alfadestek.com\/pipozitif\/?page_id=2064"},"modified":"2017-09-22T13:17:22","modified_gmt":"2017-09-22T10:17:22","slug":"ict-temelli-oyun-gelistirme","status":"publish","type":"page","link":"https:\/\/www.thinkinglab.org\/TR\/egitimlerimiz\/ict-temelli-oyun-gelistirme\/","title":{"rendered":"ICT Temelli Oyun Geli\u015ftirme"},"content":{"rendered":"<p>[vc_row][vc_column width=&#8221;1\/2&#8243;][vc_empty_space height=&#8221;70px&#8221;][vc_column_text]<\/p>\n<h2 style=\"text-align: justify;\"><strong>ICT Temelli Oyun Geli\u015ftirme<\/strong><\/h2>\n<p>&nbsp;<\/p>\n<p>\u201c\u00c7ocuklar teknolojinin i\u00e7indeler. S\u0131n\u0131fta farkl\u0131 \u015feylere ihtiyac\u0131m\u0131z var, bu s\u0131n\u0131fa bilgisayarlar\u0131 koymaktan daha felsefi olmal\u0131. Teknoloji sadece i\u00e7erik \u00f6\u011frenmek i\u00e7in kullan\u0131lan ara\u00e7 de\u011fil, teknoloji ya\u015fam bak\u0131\u015f\u0131n\u0131z\u0131 de\u011fi\u015ftirecek olan \u015feydir. \u00c7ocuklar farkl\u0131 ya\u015fam bak\u0131\u015f\u0131na sahip olmal\u0131lar!\u201d<\/p>\n<p>Innovative Thinking Lab. uluslararas\u0131 ortaklar\u0131 ile beraber iki y\u0131l s\u00fcreli bir \u00e7al\u0131\u015fman\u0131n \u00fcr\u00fcn\u00fc olarak geli\u015ftirdi\u011fi metodoloji ile \u00f6\u011fretmenler, e\u011fitmenler, gen\u00e7lik \u00e7al\u0131\u015fanlar\u0131, kolayla\u015ft\u0131r\u0131c\u0131lar, gen\u00e7ler, sivil toplum \u00e7al\u0131\u015fanlar\u0131 ve t\u00fcm oyun severler i\u00e7in, <b>\u201cSenaryo Geli\u015ftirme\u201d, \u201cPlatform Tan\u0131ma ve Uygun Platformu Se\u00e7me \u201d, \u201cMateryal Geli\u015ftirme-Toplama \u201d ve \u201c\u015eimdi Oyun\u201d<\/b>\u00a0 a\u015famalar\u0131ndan olu\u015fan uluslararas\u0131 e\u011fitim sunmaktad\u0131r.<\/p>\n<p>Bu e\u011fitimde ama\u00e7 analitik d\u00fc\u015f\u00fcnme becerisini g\u00fc\u00e7lendirerek, birden fazla becerinin geli\u015fmesini ve bir arada kullan\u0131lmas\u0131n\u0131 sa\u011flamak, ICT ve oyun geli\u015ftirme becerilerini bir arada kullanmay\u0131 \u00f6\u011freterek, uluslararas\u0131 rekabet ko\u015fullar\u0131na uyum sa\u011flayacak bireylerin geli\u015fimi desteklemektir.<\/p>\n<p>[\/vc_column_text][vc_empty_space height=&#8221;50px&#8221;][\/vc_column][vc_column width=&#8221;1\/2&#8243;][vc_empty_space height=&#8221;150px&#8221;]<div class=\"ult-new-ib ult-ib-effect-style1  ult-ib-resp  \" data-min-width=\"768\" data-max-width=\"900\" style=\"\" data-opacity=\"1\" data-hover-opacity=\"1\" ><img decoding=\"async\" class=\"ult-new-ib-img\" style=\"opacity:1;\" alt=\"null\" src=\"https:\/\/www.thinkinglab.org\/TR\/wp-content\/uploads\/2017\/09\/ict-cocuklar.jpg\"   \/><div id=\"interactive-banner-wrap-4894\" class=\"ult-new-ib-desc\" style=\"\"><h2 class=\"ult-new-ib-title ult-responsive\"  data-ultimate-target='#interactive-banner-wrap-4894 .ult-new-ib-title'  data-responsive-json-new='{\"font-size\":\"\",\"line-height\":\"\"}'  style=\"font-weight:normal;\"><\/h2><\/div><\/div><script type=\"text\/javascript\">\r\n\t\t\t(function($){\r\n\t\t\t\t$(document).ready(function(){\r\n\t\t\t\t\t$(\".ult-new-ib\").css(\"opacity\",\"1\");\r\n\t\t\t\t});\r\n\t\t\t})(jQuery);\r\n\t\t\t<\/script>[\/vc_column][\/vc_row]<\/p>\n","protected":false},"excerpt":{"rendered":"<p>[vc_row][vc_column width=&#8221;1\/2&#8243;][vc_empty_space height=&#8221;70px&#8221;][vc_column_text] ICT Temelli Oyun Geli\u015ftirme &nbsp; \u201c\u00c7ocuklar teknolojinin i\u00e7indeler. S\u0131n\u0131fta farkl\u0131 \u015feylere ihtiyac\u0131m\u0131z var, bu s\u0131n\u0131fa bilgisayarlar\u0131 koymaktan daha felsefi olmal\u0131. Teknoloji sadece i\u00e7erik \u00f6\u011frenmek i\u00e7in kullan\u0131lan ara\u00e7 de\u011fil, teknoloji ya\u015fam bak\u0131\u015f\u0131n\u0131z\u0131 de\u011fi\u015ftirecek olan \u015feydir. \u00c7ocuklar farkl\u0131 ya\u015fam<span class=\"read_more_area\"><a class=\"read-more\" href=\"https:\/\/www.thinkinglab.org\/TR\/egitimlerimiz\/ict-temelli-oyun-gelistirme\/\"> Continue Reading <\/a><\/span><\/p>\n","protected":false},"author":3,"featured_media":0,"parent":2042,"menu_order":0,"comment_status":"closed","ping_status":"open","template":"","meta":{"footnotes":""},"class_list":["post-2064","page","type-page","status-publish","hentry"],"_links":{"self":[{"href":"https:\/\/www.thinkinglab.org\/TR\/wp-json\/wp\/v2\/pages\/2064","targetHints":{"allow":["GET"]}}],"collection":[{"href":"https:\/\/www.thinkinglab.org\/TR\/wp-json\/wp\/v2\/pages"}],"about":[{"href":"https:\/\/www.thinkinglab.org\/TR\/wp-json\/wp\/v2\/types\/page"}],"author":[{"embeddable":true,"href":"https:\/\/www.thinkinglab.org\/TR\/wp-json\/wp\/v2\/users\/3"}],"replies":[{"embeddable":true,"href":"https:\/\/www.thinkinglab.org\/TR\/wp-json\/wp\/v2\/comments?post=2064"}],"version-history":[{"count":1,"href":"https:\/\/www.thinkinglab.org\/TR\/wp-json\/wp\/v2\/pages\/2064\/revisions"}],"predecessor-version":[{"id":3161,"href":"https:\/\/www.thinkinglab.org\/TR\/wp-json\/wp\/v2\/pages\/2064\/revisions\/3161"}],"up":[{"embeddable":true,"href":"https:\/\/www.thinkinglab.org\/TR\/wp-json\/wp\/v2\/pages\/2042"}],"wp:attachment":[{"href":"https:\/\/www.thinkinglab.org\/TR\/wp-json\/wp\/v2\/media?parent=2064"}],"curies":[{"name":"wp","href":"https:\/\/api.w.org\/{rel}","templated":true}]}}