{"id":2068,"date":"2017-09-22T13:18:32","date_gmt":"2017-09-22T10:18:32","guid":{"rendered":"http:\/\/www.alfadestek.com\/pipozitif\/?page_id=2068"},"modified":"2021-03-17T13:40:31","modified_gmt":"2021-03-17T10:40:31","slug":"storytelling","status":"publish","type":"page","link":"https:\/\/www.thinkinglab.org\/TR\/egitimlerimiz\/storytelling\/","title":{"rendered":"Dijital Hikaye Anlat\u0131c\u0131l\u0131\u011f\u0131"},"content":{"rendered":"<p>[vc_row][vc_column width=&#8221;1\/2&#8243;][vc_empty_space height=&#8221;150px&#8221;][vc_empty_space height=&#8221;50px&#8221;]\n<div id=\"interactive-banner-1-wrap-8224\" class=\"ult-banner-block ult-adjust-bottom-margin ult-bb-none  banner-style01 \"   style=\"\">\n\t<img decoding=\"async\" src=\"https:\/\/www.thinkinglab.org\/TR\/wp-content\/uploads\/2017\/09\/story-telling.jpg\" alt=\"null\">\n\t<div class=\"mask opaque-background\" style=\"background:#242424;\">\n\t\t<div  data-ultimate-target='#interactive-banner-1-wrap-8224 .bb-description'  data-responsive-json-new='{\"font-size\":\"\",\"line-height\":\"\"}'  class=\"bb-description ult-responsive\" style=\"font-weight:normal;color:#ffffff;\"><\/div>\n\t<\/div>\n<\/div>[\/vc_column][vc_column width=&#8221;1\/2&#8243;][vc_empty_space height=&#8221;150px&#8221;][vc_column_text]<strong>Dijital Hikaye Anlat\u0131c\u0131l\u0131\u011f\u0131<\/strong><\/p>\n<p>Dijital hikaye anlat\u0131c\u0131l\u0131\u011f\u0131n\u0131n en temel olgusu, hikayeleri anlatmak i\u00e7in bilgisayar tabanl\u0131 ara\u00e7lar\u0131 kullanmas\u0131d\u0131r. Bu uygulamay\u0131 tan\u0131mlamak i\u00e7in dijital belgeseller, bilgisayar tabanl\u0131 anlat\u0131lar, dijital makaleler, elektronik an\u0131lar, etkile\u015fimli masal anlat\u0131m\u0131 vb. \u00e7ok say\u0131da ba\u015fka terim de vard\u0131r; ancak genellikle bu terimlerin hepsi hikaye anlat\u0131m\u0131 sanat\u0131n\u0131, i\u00e7erisine grafikler, sesler ve web yay\u0131n\u0131 da dahil olan \u00e7e\u015fitli multimedya ara\u00e7lar\u0131 ile birle\u015ftirme fikri etraf\u0131nda d\u00f6nmektedir.<span class=\"Apple-converted-space\">\u00a0<\/span><\/p>\n<p>G\u00fcn\u00fcm\u00fczde dijital hikaye anlat\u0131c\u0131l\u0131\u011f\u0131, toplum merkezlerinde, okullarda, k\u00fct\u00fcphanelerde ve i\u015f yerlerinde<span class=\"Apple-converted-space\">\u00a0 <\/span>temel internet kullan\u0131c\u0131lar\u0131ndan ileri seviye becerilere sahip olanlara kadar kullan\u0131lmaktad\u0131r. E\u011fitim alan\u0131nda, \u00f6\u011fretmenler ve \u00f6\u011frenciler, erken \u00e7ocukluk d\u00f6nemi s\u0131n\u0131flar\u0131ndan y\u00fcksek lisansa kadar dijital hikaye anlat\u0131m\u0131n\u0131 \u00e7e\u015fitli alanlarda ve farkl\u0131 seviyelerde kullanmaktad\u0131r.<span class=\"Apple-converted-space\">\u00a0<\/span><\/p>\n<p>Innovative Thinking Lab., 21. y\u00fczy\u0131l becerileri olarak tan\u0131mlanan, analitik d\u00fc\u015f\u00fcnme, dijital beceriler, yarat\u0131c\u0131l\u0131k, medya ve g\u00f6rsel okuryazarl\u0131k gibi \u00f6nde gelen kavramlar\u0131n birlikte kullan\u0131m\u0131n\u0131 kapsayan ve okul e\u011fitiminden yeti\u015fkin e\u011fitimine pek \u00e7ok alanda g\u00fcn\u00fcm\u00fczde \u00f6nemli bir e\u011fitim y\u00f6ntemi olarak kullan\u0131lan Dijital Storytelling<span class=\"Apple-converted-space\">\u00a0 <\/span>i\u00e7in \u00f6\u011fretmenler, \u00f6\u011frenciler, profesyoneller ve STK ile di\u011fer kurumlar i\u00e7in ihtiyaca y\u00f6nelik e\u011fitim programlar\u0131 haz\u0131rlay\u0131p sunmaktad\u0131rlar.[\/vc_column_text][\/vc_column][\/vc_row]<\/p>\n","protected":false},"excerpt":{"rendered":"<p>[vc_row][vc_column width=&#8221;1\/2&#8243;][vc_empty_space height=&#8221;150px&#8221;][vc_empty_space height=&#8221;50px&#8221;][\/vc_column][vc_column width=&#8221;1\/2&#8243;][vc_empty_space height=&#8221;150px&#8221;][vc_column_text]Dijital Hikaye Anlat\u0131c\u0131l\u0131\u011f\u0131 Dijital hikaye anlat\u0131c\u0131l\u0131\u011f\u0131n\u0131n en temel olgusu, hikayeleri anlatmak i\u00e7in bilgisayar tabanl\u0131 ara\u00e7lar\u0131 kullanmas\u0131d\u0131r. Bu uygulamay\u0131 tan\u0131mlamak i\u00e7in dijital belgeseller, bilgisayar tabanl\u0131 anlat\u0131lar, dijital makaleler, elektronik an\u0131lar, etkile\u015fimli masal anlat\u0131m\u0131 vb. \u00e7ok say\u0131da<span class=\"read_more_area\"><a class=\"read-more\" href=\"https:\/\/www.thinkinglab.org\/TR\/egitimlerimiz\/storytelling\/\"> Continue Reading <\/a><\/span><\/p>\n","protected":false},"author":3,"featured_media":0,"parent":2042,"menu_order":0,"comment_status":"closed","ping_status":"open","template":"","meta":{"footnotes":""},"class_list":["post-2068","page","type-page","status-publish","hentry"],"_links":{"self":[{"href":"https:\/\/www.thinkinglab.org\/TR\/wp-json\/wp\/v2\/pages\/2068","targetHints":{"allow":["GET"]}}],"collection":[{"href":"https:\/\/www.thinkinglab.org\/TR\/wp-json\/wp\/v2\/pages"}],"about":[{"href":"https:\/\/www.thinkinglab.org\/TR\/wp-json\/wp\/v2\/types\/page"}],"author":[{"embeddable":true,"href":"https:\/\/www.thinkinglab.org\/TR\/wp-json\/wp\/v2\/users\/3"}],"replies":[{"embeddable":true,"href":"https:\/\/www.thinkinglab.org\/TR\/wp-json\/wp\/v2\/comments?post=2068"}],"version-history":[{"count":6,"href":"https:\/\/www.thinkinglab.org\/TR\/wp-json\/wp\/v2\/pages\/2068\/revisions"}],"predecessor-version":[{"id":3156,"href":"https:\/\/www.thinkinglab.org\/TR\/wp-json\/wp\/v2\/pages\/2068\/revisions\/3156"}],"up":[{"embeddable":true,"href":"https:\/\/www.thinkinglab.org\/TR\/wp-json\/wp\/v2\/pages\/2042"}],"wp:attachment":[{"href":"https:\/\/www.thinkinglab.org\/TR\/wp-json\/wp\/v2\/media?parent=2068"}],"curies":[{"name":"wp","href":"https:\/\/api.w.org\/{rel}","templated":true}]}}