{"id":2072,"date":"2017-09-22T13:19:44","date_gmt":"2017-09-22T10:19:44","guid":{"rendered":"http:\/\/www.alfadestek.com\/pipozitif\/?page_id=2072"},"modified":"2023-07-20T11:17:58","modified_gmt":"2023-07-20T08:17:58","slug":"sosyal-girisimcilik","status":"publish","type":"page","link":"https:\/\/www.thinkinglab.org\/TR\/egitimlerimiz\/sosyal-girisimcilik\/","title":{"rendered":"Sosyal Giri\u015fimcilik"},"content":{"rendered":"<p>[vc_row][vc_column width=&#8221;1\/2&#8243;][vc_empty_space height=&#8221;50px&#8221;][vc_column_text]<\/p>\n<h2><strong>Sosyal Giri\u015fimcilik<\/strong><\/h2>\n<p><strong>\u201cSosyal giri\u015fimciler sadece avlanmakla ya da bunu \u00f6\u011fretmekle yetinmezler. Sosyal giri\u015fimciler bu end\u00fcstride devrim yaratana kadar dinlenmeyecekler.<\/strong>\u201d\u00a0 \u00a0 \u00a0Bill Drayton<\/p>\n<p>Son zamanlarda s\u0131k\u00e7a duymaya ba\u015flad\u0131\u011f\u0131m\u0131z sosyal giri\u015fimcilik, sosyal sorumluluklar i\u00e7in kaynak toplayan ve toplumsal sorunlar\u0131 fark etmemize yard\u0131mc\u0131 olan, k\u00e2r amac\u0131 g\u00fctmeyen giri\u015fimler olarak tan\u0131mlanmaktad\u0131r. \u201cSosyal Giri\u015fimcilik\u201d e\u011fitimi, \u00f6zel sekt\u00f6r, sivil toplum kurulu\u015flar\u0131 ve devlet sekt\u00f6r\u00fcn\u00fcn kesi\u015fti\u011fi noktada yer alan sosyal giri\u015fimcilik d\u00fcnyas\u0131n\u0131 tan\u0131ma f\u0131rsat\u0131 sunmaktad\u0131r. E\u011fitimler ile birlikte sosyal giri\u015fimcilik felsefesi ile tan\u0131\u015facak, sosyal giri\u015fimcilik felsefesini ve y\u00f6ntemlerini istedi\u011finiz her alanda kullanabilecek, sosyal de\u011fi\u015fimi ger\u00e7ekle\u015ftirmek i\u00e7in gerekli teknik becerileri kazanacaks\u0131n\u0131z.[\/vc_column_text][vc_empty_space height=&#8221;50px&#8221;][\/vc_column][vc_column width=&#8221;1\/2&#8243;][vc_single_image image=&#8221;3460&#8243; img_size=&#8221;full&#8221;][vc_single_image image=&#8221;3459&#8243; img_size=&#8221;full&#8221;][\/vc_column][\/vc_row][vc_section][vc_row][vc_column width=&#8221;1\/3&#8243;][vc_single_image image=&#8221;3491&#8243; img_size=&#8221;full&#8221; alignment=&#8221;center&#8221; onclick=&#8221;custom_link&#8221; link=&#8221;https:\/\/www.thinkinglab.org\/TR\/egitimlerimiz\/sosyal-girisimcilik\/sosyal-girisimcilige-giris\/&#8221;][\/vc_column][vc_column width=&#8221;1\/3&#8243;][vc_single_image image=&#8221;3492&#8243; img_size=&#8221;full&#8221; alignment=&#8221;center&#8221; onclick=&#8221;custom_link&#8221; link=&#8221;https:\/\/www.thinkinglab.org\/TR\/egitimlerimiz\/sosyal-girisimcilik\/degisim-teorisi\/&#8221;][\/vc_column][vc_column width=&#8221;1\/3&#8243;][vc_single_image image=&#8221;3495&#8243; img_size=&#8221;full&#8221; alignment=&#8221;center&#8221; onclick=&#8221;custom_link&#8221; link=&#8221;https:\/\/www.thinkinglab.org\/TR\/egitimlerimiz\/sosyal-girisimcilik\/is-plani-gelistirme\/&#8221;][\/vc_column][\/vc_row][\/vc_section][vc_section][vc_row][vc_column width=&#8221;1\/3&#8243;][vc_single_image image=&#8221;3493&#8243; img_size=&#8221;full&#8221; alignment=&#8221;center&#8221; onclick=&#8221;custom_link&#8221; link=&#8221;https:\/\/www.thinkinglab.org\/TR\/egitimlerimiz\/sosyal-girisimcilik\/sosyal-etki\/&#8221;][\/vc_column][vc_column width=&#8221;1\/3&#8243;][vc_single_image image=&#8221;3494&#8243; img_size=&#8221;full&#8221; alignment=&#8221;center&#8221; onclick=&#8221;custom_link&#8221; link=&#8221;https:\/\/www.thinkinglab.org\/TR\/egitimlerimiz\/sosyal-girisimcilik\/pitching\/&#8221;][\/vc_column][vc_column width=&#8221;1\/3&#8243;][\/vc_column][\/vc_row][\/vc_section]<\/p>\n","protected":false},"excerpt":{"rendered":"<p>[vc_row][vc_column width=&#8221;1\/2&#8243;][vc_empty_space height=&#8221;50px&#8221;][vc_column_text] Sosyal Giri\u015fimcilik \u201cSosyal giri\u015fimciler sadece avlanmakla ya da bunu \u00f6\u011fretmekle yetinmezler. Sosyal giri\u015fimciler bu end\u00fcstride devrim yaratana kadar dinlenmeyecekler.\u201d\u00a0 \u00a0 \u00a0Bill Drayton Son zamanlarda s\u0131k\u00e7a duymaya ba\u015flad\u0131\u011f\u0131m\u0131z sosyal giri\u015fimcilik, sosyal sorumluluklar i\u00e7in kaynak toplayan ve toplumsal sorunlar\u0131<span class=\"read_more_area\"><a class=\"read-more\" href=\"https:\/\/www.thinkinglab.org\/TR\/egitimlerimiz\/sosyal-girisimcilik\/\"> Continue Reading <\/a><\/span><\/p>\n","protected":false},"author":3,"featured_media":0,"parent":2042,"menu_order":0,"comment_status":"closed","ping_status":"open","template":"","meta":{"footnotes":""},"class_list":["post-2072","page","type-page","status-publish","hentry"],"_links":{"self":[{"href":"https:\/\/www.thinkinglab.org\/TR\/wp-json\/wp\/v2\/pages\/2072","targetHints":{"allow":["GET"]}}],"collection":[{"href":"https:\/\/www.thinkinglab.org\/TR\/wp-json\/wp\/v2\/pages"}],"about":[{"href":"https:\/\/www.thinkinglab.org\/TR\/wp-json\/wp\/v2\/types\/page"}],"author":[{"embeddable":true,"href":"https:\/\/www.thinkinglab.org\/TR\/wp-json\/wp\/v2\/users\/3"}],"replies":[{"embeddable":true,"href":"https:\/\/www.thinkinglab.org\/TR\/wp-json\/wp\/v2\/comments?post=2072"}],"version-history":[{"count":7,"href":"https:\/\/www.thinkinglab.org\/TR\/wp-json\/wp\/v2\/pages\/2072\/revisions"}],"predecessor-version":[{"id":3497,"href":"https:\/\/www.thinkinglab.org\/TR\/wp-json\/wp\/v2\/pages\/2072\/revisions\/3497"}],"up":[{"embeddable":true,"href":"https:\/\/www.thinkinglab.org\/TR\/wp-json\/wp\/v2\/pages\/2042"}],"wp:attachment":[{"href":"https:\/\/www.thinkinglab.org\/TR\/wp-json\/wp\/v2\/media?parent=2072"}],"curies":[{"name":"wp","href":"https:\/\/api.w.org\/{rel}","templated":true}]}}