{"id":2134,"date":"2017-09-25T14:39:47","date_gmt":"2017-09-25T11:39:47","guid":{"rendered":"http:\/\/www.alfadestek.com\/pipozitif\/?page_id=2134"},"modified":"2017-09-25T14:39:47","modified_gmt":"2017-09-25T11:39:47","slug":"degisim-yonetimi","status":"publish","type":"page","link":"https:\/\/www.thinkinglab.org\/TR\/egitimlerimiz\/degisim-yonetimi\/","title":{"rendered":"De\u011fi\u015fim Y\u00f6netimi"},"content":{"rendered":"<p>[vc_row][vc_column width=&#8221;1\/2&#8243;][vc_empty_space height=&#8221;70px&#8221;][vc_column_text]<\/p>\n<h2><strong>De\u011fi\u015fim Y\u00f6netimi<\/strong><\/h2>\n<p>&nbsp;<\/p>\n<p>\u201cE\u011fer biriyle anlad\u0131\u011f\u0131 dilde konu\u015fursan\u0131z zihnine, e\u011fer onun dilinden konu\u015fursan\u0131z kalbine hitap etmi\u015f olursunuz.\u201d<\/p>\n<p style=\"text-align: right;\">&#8211; Nelson Mandela<\/p>\n<p>De\u011fi\u015fim Y\u00f6netimi Nedir?<\/p>\n<p>De\u011fi\u015fime direncin y\u00f6netilmesi mi?<\/p>\n<p>\u00c7al\u0131\u015fanlar\u0131n geri bildirimlerinin dinlenmesi mi?<\/p>\n<p>\u0130leti\u015fim mi?<\/p>\n<p>D\u00f6n\u00fc\u015f\u00fcm s\u00fcrecinde \u00e7al\u0131\u015fanlara ment\u00f6rl\u00fck yapmak m\u0131?<\/p>\n<p>De\u011fi\u015fimin nas\u0131l sa\u011flanaca\u011f\u0131na dair bilgi sa\u011flamak m\u0131?<\/p>\n<p>G\u00fcn\u00fcm\u00fczde klasik y\u00f6netim modellerinin yerini h\u0131zla alan <b>De\u011fi\u015fim Y\u00f6netimi<\/b> kavram\u0131n\u0131 iki d\u00fczeyde ele almaktay\u0131z:<\/p>\n<ul>\n<li aria-level=\"1\">Proje D\u00fczeyinde, De\u011fi\u015fim Y\u00f6netimi arzu edilen sonu\u00e7lara ula\u015fmak i\u00e7in de\u011fi\u015fimin yan\u0131nda olan ki\u015filere yol g\u00f6sterecek ara\u00e7lar b\u00fct\u00fcn\u00fc ve yap\u0131land\u0131r\u0131lm\u0131\u015f bir s\u00fcre\u00e7 uygulamas\u0131d\u0131r.<\/li>\n<li aria-level=\"1\">Organizasyon D\u00fczeyinde, De\u011fi\u015fim Y\u00f6netimi bir organizasyonda de\u011fi\u015fimi yaratmak i\u00e7in gerekli liderlik becerisi ve organizasyonun de\u011fi\u015fim kapasitesini geli\u015ftirmek i\u00e7in tasarlanm\u0131\u015f stratejik yeterliliktir.<\/li>\n<\/ul>\n<p>Ekibimiz bu ba\u011flamda \u00f6zellikle sivil toplum kurulu\u015flar\u0131 ve di\u011fer kurum ve kurulu\u015flarla g\u00fcn\u00fcm\u00fcz ko\u015fullar\u0131n\u0131n ba\u015far\u0131 ve uyum i\u00e7in zorunlu k\u0131ld\u0131\u011f\u0131 De\u011fi\u015fim Y\u00f6netimi\u2019ni <b>ADKAR Modeli<\/b> ile \u00e7al\u0131\u015fmaktad\u0131r.[\/vc_column_text][vc_empty_space height=&#8221;50px&#8221;][\/vc_column][vc_column width=&#8221;1\/2&#8243;][vc_empty_space height=&#8221;150px&#8221;]<div class=\"ult-new-ib ult-ib-effect-style1  ult-ib-resp  \" data-min-width=\"768\" data-max-width=\"900\" style=\"\" data-opacity=\"1\" data-hover-opacity=\"1\" ><img decoding=\"async\" class=\"ult-new-ib-img\" style=\"opacity:1;\" alt=\"null\" src=\"https:\/\/www.thinkinglab.org\/TR\/wp-content\/uploads\/2017\/09\/blog_changemanagement.jpg\"   \/><div id=\"interactive-banner-wrap-8327\" class=\"ult-new-ib-desc\" style=\"\"><h2 class=\"ult-new-ib-title ult-responsive\"  data-ultimate-target='#interactive-banner-wrap-8327 .ult-new-ib-title'  data-responsive-json-new='{\"font-size\":\"\",\"line-height\":\"\"}'  style=\"font-weight:normal;\"><\/h2><\/div><\/div><script type=\"text\/javascript\">\r\n\t\t\t(function($){\r\n\t\t\t\t$(document).ready(function(){\r\n\t\t\t\t\t$(\".ult-new-ib\").css(\"opacity\",\"1\");\r\n\t\t\t\t});\r\n\t\t\t})(jQuery);\r\n\t\t\t<\/script>[\/vc_column][\/vc_row]<\/p>\n","protected":false},"excerpt":{"rendered":"<p>[vc_row][vc_column width=&#8221;1\/2&#8243;][vc_empty_space height=&#8221;70px&#8221;][vc_column_text] De\u011fi\u015fim Y\u00f6netimi &nbsp; \u201cE\u011fer biriyle anlad\u0131\u011f\u0131 dilde konu\u015fursan\u0131z zihnine, e\u011fer onun dilinden konu\u015fursan\u0131z kalbine hitap etmi\u015f olursunuz.\u201d &#8211; Nelson Mandela De\u011fi\u015fim Y\u00f6netimi Nedir? De\u011fi\u015fime direncin y\u00f6netilmesi mi? \u00c7al\u0131\u015fanlar\u0131n geri bildirimlerinin dinlenmesi mi? \u0130leti\u015fim mi? D\u00f6n\u00fc\u015f\u00fcm s\u00fcrecinde \u00e7al\u0131\u015fanlara<span class=\"read_more_area\"><a class=\"read-more\" href=\"https:\/\/www.thinkinglab.org\/TR\/egitimlerimiz\/degisim-yonetimi\/\"> Continue Reading <\/a><\/span><\/p>\n","protected":false},"author":3,"featured_media":0,"parent":2042,"menu_order":0,"comment_status":"closed","ping_status":"open","template":"","meta":{"footnotes":""},"class_list":["post-2134","page","type-page","status-publish","hentry"],"_links":{"self":[{"href":"https:\/\/www.thinkinglab.org\/TR\/wp-json\/wp\/v2\/pages\/2134","targetHints":{"allow":["GET"]}}],"collection":[{"href":"https:\/\/www.thinkinglab.org\/TR\/wp-json\/wp\/v2\/pages"}],"about":[{"href":"https:\/\/www.thinkinglab.org\/TR\/wp-json\/wp\/v2\/types\/page"}],"author":[{"embeddable":true,"href":"https:\/\/www.thinkinglab.org\/TR\/wp-json\/wp\/v2\/users\/3"}],"replies":[{"embeddable":true,"href":"https:\/\/www.thinkinglab.org\/TR\/wp-json\/wp\/v2\/comments?post=2134"}],"version-history":[{"count":0,"href":"https:\/\/www.thinkinglab.org\/TR\/wp-json\/wp\/v2\/pages\/2134\/revisions"}],"up":[{"embeddable":true,"href":"https:\/\/www.thinkinglab.org\/TR\/wp-json\/wp\/v2\/pages\/2042"}],"wp:attachment":[{"href":"https:\/\/www.thinkinglab.org\/TR\/wp-json\/wp\/v2\/media?parent=2134"}],"curies":[{"name":"wp","href":"https:\/\/api.w.org\/{rel}","templated":true}]}}