{"id":3111,"date":"2021-03-10T19:24:12","date_gmt":"2021-03-10T16:24:12","guid":{"rendered":"https:\/\/www.thinkinglab.org\/TR\/?page_id=3111"},"modified":"2021-03-17T13:09:43","modified_gmt":"2021-03-17T10:09:43","slug":"linkedinde-one-cikmanin-10-yolu","status":"publish","type":"page","link":"https:\/\/www.thinkinglab.org\/TR\/projelerimiz\/avrupa-dayanisma-programi\/linkedinde-one-cikmanin-10-yolu\/","title":{"rendered":"Etkin Sosyal Medya Kullan\u0131m\u0131"},"content":{"rendered":"<p>G\u00fc\u00e7l\u00fc y\u00f6nlerinizi sergilemek ve neleri vurgulaman\u0131z gerekti\u011fi konusunda ak\u0131ll\u0131 olmak, dikkat \u00e7ekecek bir LinkedIn profilinin anahtar\u0131d\u0131r. \u0130\u015fte \u00f6ne \u00e7\u0131kman\u0131za yard\u0131mc\u0131 olacak 10 ipucu:<\/p>\n<p><strong>Foto\u011fraf<\/strong><\/p>\n<ol>\n<li>Bir profil resmi ekleyin. LinkedIn profil resminiz sizi profesyonel olarak en iyi halinizde g\u00f6stermelidir. K\u0131yafetinizi nispeten resmi tutun, sadece ba\u015f\u0131n\u0131z\u0131 ve omuzlar\u0131n\u0131z\u0131 dahil edin ve g\u00fcl\u00fcmsemeyi unutmay\u0131n!<\/li>\n<li>Ba\u015fl\u0131\u011f\u0131n\u0131z a\u00e7\u0131klay\u0131c\u0131 olsun. Varsay\u0131lan LinkedIn ba\u015fl\u0131\u011f\u0131n\u0131 (mevcut i\u015f unvan\u0131n\u0131z\u0131 g\u00f6sterir) daha a\u00e7\u0131klay\u0131c\u0131 ve istek uyand\u0131ran bir ba\u015fl\u0131kla de\u011fi\u015ftirin. \u00d6rne\u011fin, &#8220;Pazarlama M\u00fcd\u00fcr\u00fc&#8221; yerine &#8220;Deneyimli pazarlama ve ileti\u015fim uzman\u0131&#8221; yazmay\u0131 deneyebilirsiniz.<\/li>\n<li>Profil ba\u011flant\u0131n\u0131z\u0131 g\u00fcncelleyin. Ki\u015fisel LinkedIn profilinizin (normalde bir dizi say\u0131 ve harf i\u00e7eren) URL&#8217;sini \u201clinkedin.com\/in\/adsoyad\u201d olarak d\u00fczeninde g\u00fcncelleyerek profilinize profesyonel bir g\u00f6r\u00fcn\u00fcm kazand\u0131r\u0131n. Bu se\u00e7ene\u011fi, sayfan\u0131n \u00fcst k\u0131sm\u0131ndaki men\u00fc \u00e7ubu\u011fundaki k\u00fc\u00e7\u00fck resminize t\u0131klayarak ve \u201cProfili g\u00f6r\u00fcnt\u00fcle\u201d &gt; \u201cGenel profili ve URL&#8217;yi d\u00fczenle\u201d se\u00e7ene\u011fine giderek bulabilirsiniz.<\/li>\n<li>K\u0131sa ve enerjik bir \u00f6zet yaz\u0131n. \u0130\u015fverenlerin okuyaca\u011f\u0131 bir sonraki \u015fey profil \u00f6zetinizdir. Payla\u015fmak istedi\u011finiz en \u00f6nemli bilgileri, \u00f6rne\u011fin benzersiz niteliklerinizi, en \u00f6nemli i\u015f deneyimlerinizi ve ileti\u015fime ge\u00e7menin bir yolunu i\u00e7erdi\u011finden emin olun.<\/li>\n<li>\u0130lgili becerilerinizi vurgulay\u0131n. LinkedIn, 50&#8217;ye kadar beceriyi listelemenize izin verir. Hangi becerileri vurgulad\u0131klar\u0131n\u0131 g\u00f6rmek i\u00e7in ilgilendi\u011finiz t\u00fcrden i\u015f ilanlar\u0131na bir g\u00f6z at\u0131n ve ard\u0131ndan bu becerileri profilinizde listeledi\u011finizden emin olun.<\/li>\n<li>Kariyer ba\u015far\u0131lar\u0131n\u0131 sergileyin. \u0130\u015flerinizin her biri i\u00e7in bir a\u00e7\u0131klama eklerken, yaln\u0131zca sorumluluklar\u0131n\u0131z\u0131 listelemeyin. Bunun yerine, bu i\u015flerdeki ba\u015far\u0131lar\u0131n\u0131za ve ba\u015far\u0131lar\u0131n\u0131za odaklan\u0131n &#8211; terfi ald\u0131n\u0131z m\u0131? Ba\u015far\u0131l\u0131 bir kampanya y\u00fcr\u00fctt\u00fcn\u00fcz m\u00fc?<\/li>\n<li>Ba\u011flant\u0131 kurun ve bir network olu\u015fturun. Mevcut ba\u011flant\u0131lar\u0131n\u0131z\u0131 ve i\u015f arkada\u015flar\u0131n\u0131z\u0131 ekleyerek profesyonel a\u011f\u0131n\u0131z\u0131 olu\u015fturmaya ba\u015flay\u0131n, ard\u0131ndan sekt\u00f6r\u00fcn\u00fczde \u00e7al\u0131\u015fan ki\u015filere ula\u015fmaya \u00e7al\u0131\u015farak a\u011f\u0131n\u0131z\u0131 b\u00fcy\u00fct\u00fcn. Birine ba\u011flant\u0131 iste\u011fi g\u00f6nderdi\u011finizde, ki\u015fisel bir not ekleyin.<\/li>\n<li>Referans toplay\u0131n. M\u00fcmk\u00fcnse, her i\u015fyerinizin bir meslekta\u015f\u0131ndan veya y\u00f6neticisinden bir referans isteyin. Yaln\u0131zca bir veya iki \u015firkette \u00e7al\u0131\u015ft\u0131ysan\u0131z, sizin ad\u0131n\u0131za bir \u00f6neri yazmas\u0131n\u0131 birka\u00e7 i\u015f arkada\u015f\u0131n\u0131zdan isteyin.<\/li>\n<li>Profesyonel a\u011flar\u0131n\u0131zla etkile\u015fimde kal\u0131n. LinkedIn, hemen hemen her profesyonel alana odaklanan gruplara kat\u0131lman\u0131za olanak tan\u0131r. Payla\u015f\u0131m yaparak, yorum yazarak ve yaz\u0131lan i\u00e7erikleri payla\u015farak bu gruplarla etkile\u015fim kurun. Gruplar ayr\u0131ca daha fazla ki\u015fiyle ba\u011flant\u0131 kurmak ve onlar\u0131 profesyonel a\u011f\u0131n\u0131za eklemek i\u00e7in harika yerlerdir.<\/li>\n<li>Ba\u011flant\u0131lar ve farkl\u0131 medyalar ekleyin. Bir video kampanyas\u0131na dahil olduysan\u0131z veya yay\u0131nlanm\u0131\u015f bir yazarsan\u0131z, profilinizde ilgili ba\u011flant\u0131ya yer verin. \u00c7al\u0131\u015fman\u0131z\u0131 \u00e7evrimi\u00e7i olarak g\u00f6steren bir web siteniz veya portf\u00f6y\u00fcn\u00fcz varsa ona da ba\u011flant\u0131 verin, bunu ideal olarak ba\u015fl\u0131\u011f\u0131n\u0131zda veya \u00f6zetinizde yap\u0131n.<\/li>\n<\/ol>\n","protected":false},"excerpt":{"rendered":"<p>G\u00fc\u00e7l\u00fc y\u00f6nlerinizi sergilemek ve neleri vurgulaman\u0131z gerekti\u011fi konusunda ak\u0131ll\u0131 olmak, dikkat \u00e7ekecek bir LinkedIn profilinin anahtar\u0131d\u0131r. \u0130\u015fte \u00f6ne \u00e7\u0131kman\u0131za yard\u0131mc\u0131 olacak 10 ipucu: Foto\u011fraf Bir profil resmi ekleyin. LinkedIn profil resminiz sizi profesyonel olarak en iyi halinizde g\u00f6stermelidir. K\u0131yafetinizi nispeten<span class=\"read_more_area\"><a class=\"read-more\" href=\"https:\/\/www.thinkinglab.org\/TR\/projelerimiz\/avrupa-dayanisma-programi\/linkedinde-one-cikmanin-10-yolu\/\"> Continue Reading <\/a><\/span><\/p>\n","protected":false},"author":3,"featured_media":0,"parent":3053,"menu_order":0,"comment_status":"closed","ping_status":"open","template":"","meta":{"footnotes":""},"class_list":["post-3111","page","type-page","status-publish","hentry"],"_links":{"self":[{"href":"https:\/\/www.thinkinglab.org\/TR\/wp-json\/wp\/v2\/pages\/3111","targetHints":{"allow":["GET"]}}],"collection":[{"href":"https:\/\/www.thinkinglab.org\/TR\/wp-json\/wp\/v2\/pages"}],"about":[{"href":"https:\/\/www.thinkinglab.org\/TR\/wp-json\/wp\/v2\/types\/page"}],"author":[{"embeddable":true,"href":"https:\/\/www.thinkinglab.org\/TR\/wp-json\/wp\/v2\/users\/3"}],"replies":[{"embeddable":true,"href":"https:\/\/www.thinkinglab.org\/TR\/wp-json\/wp\/v2\/comments?post=3111"}],"version-history":[{"count":3,"href":"https:\/\/www.thinkinglab.org\/TR\/wp-json\/wp\/v2\/pages\/3111\/revisions"}],"predecessor-version":[{"id":3149,"href":"https:\/\/www.thinkinglab.org\/TR\/wp-json\/wp\/v2\/pages\/3111\/revisions\/3149"}],"up":[{"embeddable":true,"href":"https:\/\/www.thinkinglab.org\/TR\/wp-json\/wp\/v2\/pages\/3053"}],"wp:attachment":[{"href":"https:\/\/www.thinkinglab.org\/TR\/wp-json\/wp\/v2\/media?parent=3111"}],"curies":[{"name":"wp","href":"https:\/\/api.w.org\/{rel}","templated":true}]}}