{"id":3113,"date":"2021-03-10T19:24:48","date_gmt":"2021-03-10T16:24:48","guid":{"rendered":"https:\/\/www.thinkinglab.org\/TR\/?page_id=3113"},"modified":"2021-03-10T19:24:48","modified_gmt":"2021-03-10T16:24:48","slug":"avrupa-dayanisma-programi-nedir","status":"publish","type":"page","link":"https:\/\/www.thinkinglab.org\/TR\/projelerimiz\/avrupa-dayanisma-programi\/avrupa-dayanisma-programi-nedir\/","title":{"rendered":"Avrupa Dayan\u0131\u015fma Program\u0131 Nedir"},"content":{"rendered":"<p><strong><em>Inovatif D\u00fc\u015f\u00fcnce Derne\u011fi Avrupa Dayan\u0131\u015fma Program\u0131 kapsam\u0131nda 2020-1-TR01-ESC52-094792 Referans numaras\u0131 ile Ev Sahibi ve Destekleyici kurum olarak T\u00fcrkiye Ulusal Ajans\u0131 taraf\u0131ndan akredite edilmi\u015ftir. Bu alanda\u00a0 t\u00fcm s\u00fcre\u00e7lerde yan\u0131n\u0131zdad\u0131r. <\/em><\/strong><\/p>\n<p><strong>Avrupa Dayan\u0131\u015fma Program Nedir?<\/strong><\/p>\n<p>Gen\u00e7lere, kurulu\u015flar\u0131n g\u00fcnl\u00fck i\u015flerinde yard\u0131mc\u0131 olmalar\u0131na imk\u00e2n veren 2-12 ay s\u00fcren ve baz\u0131 \u00f6zel durumlarda (daha d\u00fc\u015f\u00fck <em>imk\u00e2nlara sahip<\/em> ya da engelli\/\u00f6zel gereksinimleri olan kat\u0131l\u0131mc\u0131lar) 2 hafta ve \u00fczeri s\u00fcrebilen tam zamanl\u0131, \u00fccretsiz etkinliklerdir. Gen\u00e7ler, program \u00fclkelerinde ya da kom\u015fu ortak \u00fclkelerde sosyal dahil etme, \u00e7evre, k\u00fclt\u00fcr ve di\u011fer konular\u0131 i\u00e7eren projelerde g\u00f6n\u00fcll\u00fcl\u00fck yapabilirler. Bireysel g\u00f6n\u00fcll\u00fcl\u00fc\u011f\u00fcn yan\u0131 s\u0131ra programa ve g\u00f6n\u00fcll\u00fc tak\u0131mlar\u0131 (2 hafta ila 2 ay) ile de kat\u0131labilirler.<\/p>\n<p><strong>Kimler Kat\u0131labilir? <\/strong><\/p>\n<p>18-30 ya\u015f aras\u0131 t\u00fcm gen\u00e7ler programda yararlan\u0131c\u0131 olabilirler.<\/p>\n<p><strong>Proje ve Faaliyet\u00a0 S\u00fcresi ne Kadard\u0131r?<\/strong><\/p>\n<p>Proje ba\u015fvuru a\u015famas\u0131nda se\u00e7ilmek \u015fart\u0131yla, projeler 3 ay ile 24 ay aras\u0131ndad\u0131r. Faaliyet s\u00fcresi 2 ay (seyahat g\u00fcnleri hari\u00e7 60 g\u00fcn) -12 ay aras\u0131ndad\u0131r. Faaliyet s\u00fcresi, imk\u00e2n\u0131 k\u0131s\u0131tl\u0131 gen\u00e7lerin kat\u0131ld\u0131\u011f\u0131 projelerde 2 haftadan (seyahat g\u00fcnleri hari\u00e7) ba\u015flayabilir. G\u00f6n\u00fcll\u00fc tak\u0131mlar\u0131 i\u00e7in faaliyet s\u00fcresi 2 hafta ile 2 ay (seyahat g\u00fcnleri hari\u00e7 59 g\u00fcne kadar) aras\u0131ndad\u0131r. \u00d6n haz\u0131rl\u0131k ziyareti i\u00e7in faaliyet s\u00fcresi maksimum 2 g\u00fcnd\u00fcr (seyahat g\u00fcnleri hari\u00e7).<\/p>\n<p><strong>Nas\u0131l Kat\u0131l\u0131rs\u0131n\u0131z?<\/strong><\/p>\n<p>Avrupa Dayan\u0131\u015fma Program\u0131n\u0131n t\u00fcm faaliyetleri i\u00e7in kat\u0131l\u0131mc\u0131lar\u0131n\u00a0 <a href=\"https:\/\/europa.eu\/youth\/home_tr\">Avrupa Gen\u00e7lik Portal\u0131na<\/a> kay\u0131t olmalar\u0131 gerekmektedir. Kat\u0131l\u0131mc\u0131lar\u00a0 portaldan kendilerine uygun g\u00f6n\u00fcll\u00fcl\u00fck f\u0131rsatlar\u0131n\u0131 ara\u015ft\u0131rabilirler. Avrupa Gen\u00e7lik Portal\u0131na \u00fcye olanlara, sistem \u00fczerinden 10 haneli Participant Reference Number (PRN) kodu verilecektir. Bu kod gen\u00e7lerin yer almak istedikleri Avrupa Dayan\u0131\u015fma Program\u0131 projelerinde, ba\u015fvuru sahibi taraf\u0131ndan ba\u015fvuru formu doldurma a\u015famas\u0131nda, kat\u0131l\u0131mc\u0131 se\u00e7iminde, nihai rapor a\u015famas\u0131nda kullan\u0131lacakt\u0131r. Kat\u0131l\u0131mc\u0131lar,\u00a0 <a href=\"https:\/\/europa.eu\/youth\/solidarity_tr\">Avrupa Dayan\u0131\u015fma Program\u0131 Portal\u0131na<\/a> kay\u0131t olduktan sonra \u00f6zge\u00e7mi\u015f ve motivasyon mektuplar\u0131n\u0131 kurulu\u015flara iletmek suretiyle, kurulu\u015flar taraf\u0131ndan da uygun g\u00f6r\u00fcld\u00fckleri takdirde bir projenin i\u00e7inde yer alabilirler.<\/p>\n<p><strong>Kazan\u0131mlar Nelerdir? <\/strong><\/p>\n<p>Avrupa Dayan\u0131\u015fma Program\u0131n\u0131 kapsam\u0131nda g\u00f6n\u00fcll\u00fc olarak:<\/p>\n<p>1) G\u00f6n\u00fcll\u00fc olarak bir katk\u0131da bulunacak ve ihtiya\u00e7 i\u00e7indeki topluluklara yard\u0131m edeceksiniz. Bu \u00fccretsiz olarak yapmay\u0131 tercih edece\u011finiz bir yard\u0131m oldu\u011fu i\u00e7in maa\u015f \u00f6demesi almayacaksan\u0131z. Bununla beraber seyahat, bar\u0131nma, yemek ve sigorta giderleriniz \u00f6denecek ve buna ek olarak belli bir miktar cep har\u00e7l\u0131\u011f\u0131 alacaks\u0131n\u0131z.<\/p>\n<p>2) Bu, ki\u015fisel ve profesyonel geli\u015fiminize ivme kazand\u0131racak bir \u00f6\u011frenim deneyimidir. G\u00f6n\u00fcll\u00fcl\u00fck deneyiminiz \u00f6ncesinde, s\u0131ras\u0131nda ve sonras\u0131nda e\u011fitim alma f\u0131rsat\u0131n\u0131z olacakt\u0131r. Mentor net hedefler belirlemenize yard\u0131mc\u0131 olacak ve bu hedeflere nas\u0131l ula\u015faca\u011f\u0131n\u0131z\u0131 g\u00f6sterecektir. Ayr\u0131ca dil ve k\u00fclt\u00fcrler aras\u0131 becerilerinizi geli\u015ftirme, kendi ba\u015f\u0131n\u0131za ya\u015famay\u0131, g\u00fc\u00e7l\u00fcklerin \u00fczerinden gelmeyi ve ekip i\u00e7inde \u00e7al\u0131\u015fmay\u0131 \u00f6\u011frenme \u015fans\u0131 yakalayacaks\u0131n\u0131z.<\/p>\n<p>3) Ba\u015fka bir \u00fclkede ya\u015famak ve bu \u00fclkeyi ke\u015ffetmek, di\u011fer k\u00fclt\u00fcrler hakk\u0131nda bilgi edinmek ve yeni arkada\u015flar edinmek g\u00f6n\u00fcll\u00fcl\u00fck deneyiminizin ka\u00e7\u0131n\u0131lmaz bir par\u00e7as\u0131 olacakt\u0131r.<\/p>\n<p>4) G\u00f6n\u00fcll\u00fcl\u00fck deneyiminiz ile g\u00f6n\u00fcll\u00fc oldu\u011funuz kurulu\u015flara ve yerel topluluklara yeni fikirler ve \u00e7ok k\u00fclt\u00fcrl\u00fc bir ruh ta\u015f\u0131ma imk\u00e2n\u0131 elde edeceksiniz.<\/p>\n<p>5) Avrupa Dayan\u0131\u015fma Program\u0131nda yer alarak bir toplulu\u011fun par\u00e7as\u0131 olacaks\u0131n\u0131z. Geri d\u00f6nd\u00fc\u011f\u00fcn\u00fczde eski g\u00f6n\u00fcll\u00fclerden olu\u015fan daha geni\u015f bir toplulukla ba\u011flant\u0131da kalabilir, deneyimlerinizi payla\u015fabilir ve \u00fclkedeki di\u011fer gen\u00e7 bireylerle ileti\u015fim kurup onlara ilham verebilirsiniz.<\/p>\n<p>6) G\u00f6n\u00fcll\u00fc olarak kat\u0131ld\u0131\u011f\u0131n\u0131z bir projenin sonunda kat\u0131l\u0131m\u0131n\u0131z\u0131 belgeleyen bir sertifika sahibi olacaks\u0131n\u0131z.<\/p>\n<p>&nbsp;<\/p>\n","protected":false},"excerpt":{"rendered":"<p>Inovatif D\u00fc\u015f\u00fcnce Derne\u011fi Avrupa Dayan\u0131\u015fma Program\u0131 kapsam\u0131nda 2020-1-TR01-ESC52-094792 Referans numaras\u0131 ile Ev Sahibi ve Destekleyici kurum olarak T\u00fcrkiye Ulusal Ajans\u0131 taraf\u0131ndan akredite edilmi\u015ftir. Bu alanda\u00a0 t\u00fcm s\u00fcre\u00e7lerde yan\u0131n\u0131zdad\u0131r. Avrupa Dayan\u0131\u015fma Program Nedir? Gen\u00e7lere, kurulu\u015flar\u0131n g\u00fcnl\u00fck i\u015flerinde yard\u0131mc\u0131 olmalar\u0131na imk\u00e2n veren<span class=\"read_more_area\"><a class=\"read-more\" href=\"https:\/\/www.thinkinglab.org\/TR\/projelerimiz\/avrupa-dayanisma-programi\/avrupa-dayanisma-programi-nedir\/\"> Continue Reading <\/a><\/span><\/p>\n","protected":false},"author":3,"featured_media":0,"parent":3053,"menu_order":0,"comment_status":"closed","ping_status":"open","template":"","meta":{"footnotes":""},"class_list":["post-3113","page","type-page","status-publish","hentry"],"_links":{"self":[{"href":"https:\/\/www.thinkinglab.org\/TR\/wp-json\/wp\/v2\/pages\/3113","targetHints":{"allow":["GET"]}}],"collection":[{"href":"https:\/\/www.thinkinglab.org\/TR\/wp-json\/wp\/v2\/pages"}],"about":[{"href":"https:\/\/www.thinkinglab.org\/TR\/wp-json\/wp\/v2\/types\/page"}],"author":[{"embeddable":true,"href":"https:\/\/www.thinkinglab.org\/TR\/wp-json\/wp\/v2\/users\/3"}],"replies":[{"embeddable":true,"href":"https:\/\/www.thinkinglab.org\/TR\/wp-json\/wp\/v2\/comments?post=3113"}],"version-history":[{"count":1,"href":"https:\/\/www.thinkinglab.org\/TR\/wp-json\/wp\/v2\/pages\/3113\/revisions"}],"predecessor-version":[{"id":3114,"href":"https:\/\/www.thinkinglab.org\/TR\/wp-json\/wp\/v2\/pages\/3113\/revisions\/3114"}],"up":[{"embeddable":true,"href":"https:\/\/www.thinkinglab.org\/TR\/wp-json\/wp\/v2\/pages\/3053"}],"wp:attachment":[{"href":"https:\/\/www.thinkinglab.org\/TR\/wp-json\/wp\/v2\/media?parent=3113"}],"curies":[{"name":"wp","href":"https:\/\/api.w.org\/{rel}","templated":true}]}}