{"id":3481,"date":"2023-07-20T11:03:07","date_gmt":"2023-07-20T08:03:07","guid":{"rendered":"https:\/\/www.thinkinglab.org\/TR\/?page_id=3481"},"modified":"2023-07-20T11:19:03","modified_gmt":"2023-07-20T08:19:03","slug":"sosyal-girisimcilige-giris","status":"publish","type":"page","link":"https:\/\/www.thinkinglab.org\/TR\/egitimlerimiz\/sosyal-girisimcilik\/sosyal-girisimcilige-giris\/","title":{"rendered":"Sosyal Giri\u015fimcili\u011fe Giri\u015f"},"content":{"rendered":"<p>[vc_row][vc_column][vc_video link=&#8221;https:\/\/youtu.be\/WndNrIZ3h1w&#8221;][\/vc_column][\/vc_row]<\/p>\n","protected":false},"excerpt":{"rendered":"<p>[vc_row][vc_column][vc_video link=&#8221;https:\/\/youtu.be\/WndNrIZ3h1w&#8221;][\/vc_column][\/vc_row]<\/p>\n","protected":false},"author":42,"featured_media":0,"parent":2072,"menu_order":0,"comment_status":"closed","ping_status":"closed","template":"","meta":{"footnotes":""},"class_list":["post-3481","page","type-page","status-publish","hentry"],"_links":{"self":[{"href":"https:\/\/www.thinkinglab.org\/TR\/wp-json\/wp\/v2\/pages\/3481","targetHints":{"allow":["GET"]}}],"collection":[{"href":"https:\/\/www.thinkinglab.org\/TR\/wp-json\/wp\/v2\/pages"}],"about":[{"href":"https:\/\/www.thinkinglab.org\/TR\/wp-json\/wp\/v2\/types\/page"}],"author":[{"embeddable":true,"href":"https:\/\/www.thinkinglab.org\/TR\/wp-json\/wp\/v2\/users\/42"}],"replies":[{"embeddable":true,"href":"https:\/\/www.thinkinglab.org\/TR\/wp-json\/wp\/v2\/comments?post=3481"}],"version-history":[{"count":2,"href":"https:\/\/www.thinkinglab.org\/TR\/wp-json\/wp\/v2\/pages\/3481\/revisions"}],"predecessor-version":[{"id":3498,"href":"https:\/\/www.thinkinglab.org\/TR\/wp-json\/wp\/v2\/pages\/3481\/revisions\/3498"}],"up":[{"embeddable":true,"href":"https:\/\/www.thinkinglab.org\/TR\/wp-json\/wp\/v2\/pages\/2072"}],"wp:attachment":[{"href":"https:\/\/www.thinkinglab.org\/TR\/wp-json\/wp\/v2\/media?parent=3481"}],"curies":[{"name":"wp","href":"https:\/\/api.w.org\/{rel}","templated":true}]}}